{"id":1218,"date":"2019-03-22T06:45:10","date_gmt":"2019-03-22T06:45:10","guid":{"rendered":"http:\/\/apvstcierges.ch\/?page_id=1218"},"modified":"2023-08-29T13:31:22","modified_gmt":"2023-08-29T13:31:22","slug":"forme","status":"publish","type":"page","link":"http:\/\/apvstcierges.ch\/index.php\/forme\/","title":{"rendered":"Forme"},"content":{"rendered":"<p><span style=\"color: #3366ff;\">Un arbre est tomb\u00e9 en for\u00eat :\u00a0<\/span>Qui pr\u00e9venir lorsqu\u2019un arbre entrave le chemin sur lequel vous randonnez? Les communes et les offices cantonaux des for\u00eats sont toujours reconnaissants d\u2019en \u00eatre inform\u00e9s. Si vous ne savez pas exactement dans quelle commune vous vous trouvez, demandez au prochain restaurant que vous croisez.<br \/>\nVous pouvez \u00e9galement le signaler via www.suisse-rando.ch . L\u2019essentiel est d\u2019indiquer le lieu aussi pr\u00e9cis\u00e9ment que possible. Lors d\u2019un signalement sur place avec le smartphone, une simple pression de bouton suffit.<\/p>\n<p>Pour marcher dans de bonnes conditions, n&rsquo;oubliez pas de bien entretenir vos chaussures : <a href=\"https:\/\/www.youtube.com\/watch?v=hfIdrlNAkJs&amp;t=0s&amp;utm_source=Neuigkeiten+von+den+Schweizer+Wanderwegen&amp;utm_campaign=1821b60c5b-EMAIL_CAMPAIGN_2019_03_20_12_01&amp;utm_medium=email&amp;utm_term=0_7bc4ff4d14-1821b60c5b-129586709\" data-rel=\"lightbox-video-0\" target=\"_blank\" rel=\"noopener noreferrer\">comment faire?<\/a><\/p>\n<p>Bien pr\u00e9parer son sac \u00e0 dos : <a href=\"https:\/\/www.youtube.com\/watch?v=GDY4g8Dxd2E\" data-rel=\"lightbox-video-1\" target=\"_blank\" rel=\"noopener noreferrer\">vid\u00e9o<\/a><\/p>\n<p>La fa\u00e7on dont vous vous v\u00eatirez pour partir en randonn\u00e9e d\u00e9terminera si votre plaisir sera sans nuages ou si vous souffrirez \u00e0 chaque pas. Comme pour la pr\u00e9paration de la randonn\u00e9e, il est important de s\u2019informer sur l\u2019\u00e9quipement ad\u00e9quat pour pouvoir faire le bon choix&#8230; <a href=\"https:\/\/www.suisse-rando.ch\/fr\/randonnee\/preparation\/vetements-de-randonnee\" target=\"_blank\" rel=\"noopener\">lire la suite<\/a><\/p>\n<p>D\u00e8s la fin des vacances d&rsquo;automne et jusqu&rsquo;au vacances de P\u00e2ques, venez nous rejoindre avec Denise Bonny pour le walking. C&rsquo;est un moment sportif et convivial \u00e0 travers les chemins de notre r\u00e9gion.<\/p>\n<p>Course des Roches \u00e0 Thierrens : <a href=\"https:\/\/course-des-roches.ch\/\" target=\"_blank\" rel=\"noopener noreferrer\">lien<\/a><\/p>\n<h4><span style=\"color: #ff6600;\">Id\u00e9es de marche et balade<\/span><\/h4>\n<ul>\n<li>Villars-Tiercelin : <a href=\"https:\/\/www.echallens-tourisme.ch\/index.php?option=com_content&amp;view=article&amp;id=282&amp;Itemid=65&amp;lang=fr\" target=\"_blank\" rel=\"noopener\">sentier handicap-nature<\/a><\/li>\n<li>Montanaire : <a href=\"http:\/\/apvstcierges.ch\/wp-content\/uploads\/2022\/09\/INAUGURATION_Boucle-UNION-23-1.pdf\" target=\"_blank\" rel=\"noopener\">Boucle UNION 23<\/a><\/li>\n<li>Rue : <a href=\"https:\/\/www.terrenature.ch\/balades\/balade-paisible-dans-la-glane\/\" target=\"_blank\" rel=\"noopener\">balade dans la Gl\u00e2ne<\/a><\/li>\n<li>Arolla : <a href=\"https:\/\/www.valdherens.ch\/fr\/randonnee-jusqu-au-lac-bleu-d-arolla-fp46146#:~:text=On%20peut%20y%20monter%20depuis,le%20sol%20et%20les%20rochers.\" target=\"_blank\" rel=\"noopener\">le lac bleu<\/a><\/li>\n<li>Fribourg : <a href=\"https:\/\/wegwandern.ch\/listing\/duedingen-schiffenensee-magdalena-einsiedelei-fribourg-poya-wandern-wanderung\/\" target=\"_blank\" rel=\"noopener\">depuis Duedingen par l&rsquo;Ermitage de la Madeleine<\/a><\/li>\n<li>Sur les pas du T\u00e9m\u00e9raire : <a href=\"https:\/\/www.regionmurtensee.ch\/fr\/V2172\/la-bataille-de-morat?group=51\" target=\"_blank\" rel=\"noopener noreferrer\">Morat<\/a><\/li>\n<li>Vully : <a href=\"http:\/\/apvstcierges.ch\/wp-content\/uploads\/2018\/09\/sentier-historique-Mt-Vully.pdf\" target=\"_blank\" rel=\"noopener noreferrer\"> Sentier historique<\/a><\/li>\n<li>Lausanne : <a href=\"http:\/\/www.lausanne.ch\/lausanne-en-bref\/lausanne-un-portrait\/une-visite\/se-balader\/vuachere\/la-vuachere.html\" target=\"_blank\" rel=\"noopener noreferrer\">Sentier du Renard<\/a><\/li>\n<li>Chalet-\u00e0-Gobet\u00a0: <a href=\"http:\/\/www.lausanne.ch\/thematiques\/nature-parcs-et-domaines\/tourisme-vert-et-loisirs\/balades-et-sentiers\/balades-joratoises\/fontaines-des-bois-du-jorat.html\" target=\"_blank\" rel=\"noopener noreferrer\">Chemin des Fontaines<\/a><\/li>\n<li>Echallens : <a href=\"https:\/\/www.loisirs.ch\/balades\/15972\/sentier-du-talent\" target=\"_blank\" rel=\"noopener noreferrer\">Sentier du Talent<\/a><\/li>\n<li>Romainm\u00f4tier : <a href=\"https:\/\/www.loisirs.ch\/balades\/22088\/gorges-du-nozon\" target=\"_blank\" rel=\"noopener noreferrer\">Gorges du Nozon<\/a><\/li>\n<li>Yvonand : <a href=\"https:\/\/www.randonner.ch\/index.php?pid=2311&amp;id=1421&amp;key=81d4f1622e4c1e136589ced458438fb1\" target=\"_blank\" rel=\"noopener noreferrer\">Vallon des Vaux<\/a><\/li>\n<li>Vernayaz : <a href=\"https:\/\/www.loisirs.ch\/balades\/17346\/gorges-du-trient\" target=\"_blank\" rel=\"noopener noreferrer\">les gorges du Trient<\/a><\/li>\n<li>Fribourg : <a href=\"https:\/\/www.fribourgregion.ch\/fr\/V935\/tour-des-trois-rivieres\" target=\"_blank\" rel=\"noopener noreferrer\">Tour des trois rivi\u00e8res<\/a><\/li>\n<li>Gruy\u00e8re : <a href=\"https:\/\/www.la-gruyere.ch\/fr\/V246\/sentier-de-la-tour-du-gibloux\" target=\"_blank\" rel=\"noopener\">le tour du Gibloux<\/a><\/li>\n<\/ul>\n<h4><span style=\"color: #ff6600;\">Sorties en raquettes<\/span><\/h4>\n<ul>\n<li>Les Paccots : <a href=\"https:\/\/www.les-paccots.ch\/fr\/GV47\/sentiers-raquettes-aux-paccots\" target=\"_blank\" rel=\"noopener noreferrer\">divers parcours<\/a><\/li>\n<li>Col des Mosses : <a href=\"http:\/\/www.randoresto.ch\/?rr_id=32\" target=\"_blank\" rel=\"noopener noreferrer\">buvette de Pra Cornet<\/a>\u00a0&#8211; n&rsquo;h\u00e9sitez pas \u00e0 aller dire bonjour \u00e0 Monique et d\u00e9gustez ses d\u00e9licieuses soupes et g\u00e2teaux et tout \u00e7a avec le sourire<\/li>\n<\/ul>\n","protected":false},"excerpt":{"rendered":"<p>Un arbre est tomb\u00e9 en for\u00eat :\u00a0Qui pr\u00e9venir lorsqu\u2019un arbre entrave le chemin sur lequel vous randonnez? Les communes et les offices cantonaux des for\u00eats sont toujours reconnaissants d\u2019en \u00eatre inform\u00e9s. Si vous ne savez pas exactement dans quelle commune vous vous trouvez, demandez au prochain restaurant que vous croisez. Vous pouvez \u00e9galement le signaler <a class=\"more-link\" href=\"http:\/\/apvstcierges.ch\/index.php\/forme\/\">Lire plus &#8230;<\/a><\/p>\n","protected":false},"author":1,"featured_media":0,"parent":0,"menu_order":0,"comment_status":"closed","ping_status":"closed","template":"","meta":{"footnotes":""},"class_list":["post-1218","page","type-page","status-publish","hentry"],"yoast_head":"<!-- This site is optimized with the Yoast SEO plugin v24.8.1 - https:\/\/yoast.com\/wordpress\/plugins\/seo\/ -->\n<title>Forme - Association des paysannes vaudoises, groupe St-Cierges et environs<\/title>\n<meta name=\"robots\" content=\"index, follow, max-snippet:-1, max-image-preview:large, max-video-preview:-1\" \/>\n<link rel=\"canonical\" href=\"http:\/\/apvstcierges.ch\/index.php\/forme\/\" \/>\n<meta property=\"og:locale\" content=\"fr_FR\" \/>\n<meta property=\"og:type\" content=\"article\" \/>\n<meta property=\"og:title\" content=\"Forme - Association des paysannes vaudoises, groupe St-Cierges et environs\" \/>\n<meta property=\"og:description\" content=\"Un arbre est tomb\u00e9 en for\u00eat :\u00a0Qui pr\u00e9venir lorsqu\u2019un arbre entrave le chemin sur lequel vous randonnez? Les communes et les offices cantonaux des for\u00eats sont toujours reconnaissants d\u2019en \u00eatre inform\u00e9s. Si vous ne savez pas exactement dans quelle commune vous vous trouvez, demandez au prochain restaurant que vous croisez. Vous pouvez \u00e9galement le signaler Lire plus ...\" \/>\n<meta property=\"og:url\" content=\"http:\/\/apvstcierges.ch\/index.php\/forme\/\" \/>\n<meta property=\"og:site_name\" content=\"Association des paysannes vaudoises, groupe St-Cierges et environs\" \/>\n<meta property=\"article:modified_time\" content=\"2023-08-29T13:31:22+00:00\" \/>\n<meta name=\"twitter:card\" content=\"summary_large_image\" \/>\n<meta name=\"twitter:label1\" content=\"Dur\u00e9e de lecture estim\u00e9e\" \/>\n\t<meta name=\"twitter:data1\" content=\"2 minutes\" \/>\n<script type=\"application\/ld+json\" class=\"yoast-schema-graph\">{\"@context\":\"https:\/\/schema.org\",\"@graph\":[{\"@type\":\"WebPage\",\"@id\":\"http:\/\/apvstcierges.ch\/index.php\/forme\/\",\"url\":\"http:\/\/apvstcierges.ch\/index.php\/forme\/\",\"name\":\"Forme - Association des paysannes vaudoises, groupe St-Cierges et environs\",\"isPartOf\":{\"@id\":\"http:\/\/apvstcierges.ch\/#website\"},\"datePublished\":\"2019-03-22T06:45:10+00:00\",\"dateModified\":\"2023-08-29T13:31:22+00:00\",\"breadcrumb\":{\"@id\":\"http:\/\/apvstcierges.ch\/index.php\/forme\/#breadcrumb\"},\"inLanguage\":\"fr-FR\",\"potentialAction\":[{\"@type\":\"ReadAction\",\"target\":[\"http:\/\/apvstcierges.ch\/index.php\/forme\/\"]}]},{\"@type\":\"BreadcrumbList\",\"@id\":\"http:\/\/apvstcierges.ch\/index.php\/forme\/#breadcrumb\",\"itemListElement\":[{\"@type\":\"ListItem\",\"position\":1,\"name\":\"Home\",\"item\":\"http:\/\/apvstcierges.ch\/\"},{\"@type\":\"ListItem\",\"position\":2,\"name\":\"Forme\"}]},{\"@type\":\"WebSite\",\"@id\":\"http:\/\/apvstcierges.ch\/#website\",\"url\":\"http:\/\/apvstcierges.ch\/\",\"name\":\"Association des paysannes vaudoises, groupe St-Cierges et environs\",\"description\":\"\",\"potentialAction\":[{\"@type\":\"SearchAction\",\"target\":{\"@type\":\"EntryPoint\",\"urlTemplate\":\"http:\/\/apvstcierges.ch\/?s={search_term_string}\"},\"query-input\":{\"@type\":\"PropertyValueSpecification\",\"valueRequired\":true,\"valueName\":\"search_term_string\"}}],\"inLanguage\":\"fr-FR\"}]}<\/script>\n<!-- \/ Yoast SEO plugin. -->","yoast_head_json":{"title":"Forme - Association des paysannes vaudoises, groupe St-Cierges et environs","robots":{"index":"index","follow":"follow","max-snippet":"max-snippet:-1","max-image-preview":"max-image-preview:large","max-video-preview":"max-video-preview:-1"},"canonical":"http:\/\/apvstcierges.ch\/index.php\/forme\/","og_locale":"fr_FR","og_type":"article","og_title":"Forme - Association des paysannes vaudoises, groupe St-Cierges et environs","og_description":"Un arbre est tomb\u00e9 en for\u00eat :\u00a0Qui pr\u00e9venir lorsqu\u2019un arbre entrave le chemin sur lequel vous randonnez? Les communes et les offices cantonaux des for\u00eats sont toujours reconnaissants d\u2019en \u00eatre inform\u00e9s. Si vous ne savez pas exactement dans quelle commune vous vous trouvez, demandez au prochain restaurant que vous croisez. Vous pouvez \u00e9galement le signaler Lire plus ...","og_url":"http:\/\/apvstcierges.ch\/index.php\/forme\/","og_site_name":"Association des paysannes vaudoises, groupe St-Cierges et environs","article_modified_time":"2023-08-29T13:31:22+00:00","twitter_card":"summary_large_image","twitter_misc":{"Dur\u00e9e de lecture estim\u00e9e":"2 minutes"},"schema":{"@context":"https:\/\/schema.org","@graph":[{"@type":"WebPage","@id":"http:\/\/apvstcierges.ch\/index.php\/forme\/","url":"http:\/\/apvstcierges.ch\/index.php\/forme\/","name":"Forme - Association des paysannes vaudoises, groupe St-Cierges et environs","isPartOf":{"@id":"http:\/\/apvstcierges.ch\/#website"},"datePublished":"2019-03-22T06:45:10+00:00","dateModified":"2023-08-29T13:31:22+00:00","breadcrumb":{"@id":"http:\/\/apvstcierges.ch\/index.php\/forme\/#breadcrumb"},"inLanguage":"fr-FR","potentialAction":[{"@type":"ReadAction","target":["http:\/\/apvstcierges.ch\/index.php\/forme\/"]}]},{"@type":"BreadcrumbList","@id":"http:\/\/apvstcierges.ch\/index.php\/forme\/#breadcrumb","itemListElement":[{"@type":"ListItem","position":1,"name":"Home","item":"http:\/\/apvstcierges.ch\/"},{"@type":"ListItem","position":2,"name":"Forme"}]},{"@type":"WebSite","@id":"http:\/\/apvstcierges.ch\/#website","url":"http:\/\/apvstcierges.ch\/","name":"Association des paysannes vaudoises, groupe St-Cierges et environs","description":"","potentialAction":[{"@type":"SearchAction","target":{"@type":"EntryPoint","urlTemplate":"http:\/\/apvstcierges.ch\/?s={search_term_string}"},"query-input":{"@type":"PropertyValueSpecification","valueRequired":true,"valueName":"search_term_string"}}],"inLanguage":"fr-FR"}]}},"_links":{"self":[{"href":"http:\/\/apvstcierges.ch\/index.php\/wp-json\/wp\/v2\/pages\/1218","targetHints":{"allow":["GET"]}}],"collection":[{"href":"http:\/\/apvstcierges.ch\/index.php\/wp-json\/wp\/v2\/pages"}],"about":[{"href":"http:\/\/apvstcierges.ch\/index.php\/wp-json\/wp\/v2\/types\/page"}],"author":[{"embeddable":true,"href":"http:\/\/apvstcierges.ch\/index.php\/wp-json\/wp\/v2\/users\/1"}],"replies":[{"embeddable":true,"href":"http:\/\/apvstcierges.ch\/index.php\/wp-json\/wp\/v2\/comments?post=1218"}],"version-history":[{"count":21,"href":"http:\/\/apvstcierges.ch\/index.php\/wp-json\/wp\/v2\/pages\/1218\/revisions"}],"predecessor-version":[{"id":3203,"href":"http:\/\/apvstcierges.ch\/index.php\/wp-json\/wp\/v2\/pages\/1218\/revisions\/3203"}],"wp:attachment":[{"href":"http:\/\/apvstcierges.ch\/index.php\/wp-json\/wp\/v2\/media?parent=1218"}],"curies":[{"name":"wp","href":"https:\/\/api.w.org\/{rel}","templated":true}]}}