{"id":164,"date":"2018-05-08T16:04:05","date_gmt":"2018-05-08T16:04:05","guid":{"rendered":"http:\/\/apvstcierges.ch\/?page_id=164"},"modified":"2025-01-28T08:05:56","modified_gmt":"2025-01-28T08:05:56","slug":"hiver","status":"publish","type":"page","link":"http:\/\/apvstcierges.ch\/index.php\/hiver\/","title":{"rendered":"Hiver"},"content":{"rendered":"<h4><span style=\"color: #99cc00;\">Entr\u00e9es et accompagnements<\/span><\/h4>\n<p><a href=\"http:\/\/apvstcierges.ch\/wp-content\/uploads\/2018\/12\/Aumoni\u00e8re-de-scampis.pdf\" target=\"_blank\" rel=\"noopener noreferrer\">Aumoni\u00e8re de scampis<\/a><br \/>\n<a href=\"http:\/\/apvstcierges.ch\/wp-content\/uploads\/2018\/12\/bonbons-de-foie-gras.pdf\" target=\"_blank\" rel=\"noopener noreferrer\">Bonbons de foie gras<\/a><br \/>\n<a href=\"http:\/\/apvstcierges.ch\/wp-content\/uploads\/2018\/12\/Jardini\u00e8re-de-saison.pdf\" target=\"_blank\" rel=\"noopener noreferrer\">Jardini\u00e8re de saison<\/a><br \/>\n<a href=\"http:\/\/apvstcierges.ch\/wp-content\/uploads\/2019\/01\/accompagnements-soupes.pdf\" target=\"_blank\" rel=\"noopener noreferrer\">Accompagnements soupes<\/a><br \/>\n<a href=\"http:\/\/apvstcierges.ch\/wp-content\/uploads\/2019\/01\/Minestrone.pdf\" target=\"_blank\" rel=\"noopener noreferrer\">Minestrone<\/a><br \/>\n<a href=\"http:\/\/apvstcierges.ch\/wp-content\/uploads\/2019\/01\/Soupe-\u00e0-la-pierre-du-Pays-den-Haut.pdf\" target=\"_blank\" rel=\"noopener noreferrer\">Soupe \u00e0 la pierre du Pays-d&rsquo;en Haut<\/a><br \/>\n<a href=\"http:\/\/apvstcierges.ch\/wp-content\/uploads\/2019\/01\/soupe-aux-lentilles-rouges-cuites-dans-le-thermos.pdf\" target=\"_blank\" rel=\"noopener noreferrer\">Soupe aux lentilles rouges cuites dans le thermos<\/a><br \/>\n<a href=\"http:\/\/apvstcierges.ch\/wp-content\/uploads\/2019\/01\/soupes-diverses.pdf\" target=\"_blank\" rel=\"noopener noreferrer\">Soupes diverses<\/a><br \/>\n<a href=\"http:\/\/apvstcierges.ch\/wp-content\/uploads\/2019\/01\/Velout\u00e9-de-champignons-et-ch\u00e2taignes.pdf\" target=\"_blank\" rel=\"noopener noreferrer\">Velout\u00e9 de champignons et ch\u00e2taignes<\/a><br \/>\n<a href=\"http:\/\/apvstcierges.ch\/wp-content\/uploads\/2019\/02\/Chaussons-\u00e0-la-choucroute.pdf\" target=\"_blank\" rel=\"noopener noreferrer\">Chaussons \u00e0 la choucroute<\/a><br \/>\n<a href=\"http:\/\/apvstcierges.ch\/wp-content\/uploads\/2019\/02\/soupe-de-choucroute.pdf\" target=\"_blank\" rel=\"noopener noreferrer\">Soupe de choucroute : <\/a>remplacer le bouillon par du jus de pommes<br \/>\n<a href=\"http:\/\/apvstcierges.ch\/wp-content\/uploads\/2019\/03\/endives-pan\u00e9es-aux-noisettes.pdf\">Endives pan\u00e9es aux noisettes<\/a><br \/>\n<a href=\"http:\/\/apvstcierges.ch\/wp-content\/uploads\/2019\/03\/Gratin-dendives.pdf\">Gratin d&rsquo;endives<\/a><br \/>\n<a href=\"http:\/\/apvstcierges.ch\/wp-content\/uploads\/2019\/03\/Samossas-endive-et-ch\u00e8vre.pdf\">Samossas endive et ch\u00e8vre<\/a><br \/>\n<a href=\"http:\/\/apvstcierges.ch\/wp-content\/uploads\/2019\/12\/Blinis-au-sarrasin-fromage-frais-au-champagne.pdf\" target=\"_blank\" rel=\"noopener noreferrer\">Blinis au sarrasin, fromage frais au champagne<\/a><br \/>\n<a href=\"http:\/\/apvstcierges.ch\/wp-content\/uploads\/2020\/01\/Salade-de-champignons-avec-chicor\u00e9e-rouge-et-pain-complet.pdf\" target=\"_blank\" rel=\"noopener noreferrer\">Salade de champignons avec chicor\u00e9e rouge et pain complet<\/a><br \/>\n<a href=\"http:\/\/apvstcierges.ch\/wp-content\/uploads\/2020\/01\/Super-soupe-v\u00e9g\u00e9tarienne.pdf\" target=\"_blank\" rel=\"noopener noreferrer\">Super soupe v\u00e9g\u00e9tarienne<\/a><br \/>\n<a href=\"http:\/\/apvstcierges.ch\/wp-content\/uploads\/2020\/12\/Tarte-de-betterave-et-serac.pdf\" target=\"_blank\" rel=\"noopener noreferrer\">Tarte de betterave et s\u00e9rac<\/a><br \/>\n<a href=\"http:\/\/apvstcierges.ch\/wp-content\/uploads\/2021\/01\/Soupe-de-legumes-racines-avec-bouilli.pdf\" target=\"_blank\" rel=\"noopener noreferrer\">Soupe de l\u00e9gumes racines avec bouilli<\/a><br \/>\n<a href=\"http:\/\/apvstcierges.ch\/wp-content\/uploads\/2021\/12\/Potage-pomme-fenouil-a-la-sauge.pdf\" target=\"_blank\" rel=\"noopener\">Potage pomme-fenouil \u00e0 la sauge<\/a><br \/>\n<a href=\"http:\/\/apvstcierges.ch\/wp-content\/uploads\/2021\/12\/Tartare-de-betteraves.pdf\" target=\"_blank\" rel=\"noopener\">Tartare de betteraves<\/a><br \/>\n<a href=\"http:\/\/apvstcierges.ch\/wp-content\/uploads\/2022\/02\/Pate-a-crepes.pdf\" target=\"_blank\" rel=\"noopener\">P\u00e2te \u00e0 cr\u00eapes<\/a><br \/>\n<a href=\"http:\/\/apvstcierges.ch\/wp-content\/uploads\/2022\/02\/Crepes-a-la-betterave-et-sauce-au-yaourt.pdf\" target=\"_blank\" rel=\"noopener\">Cr\u00eapes \u00e0 la betterave et sauce au yaourt<\/a><br \/>\n<a href=\"http:\/\/apvstcierges.ch\/wp-content\/uploads\/2022\/02\/Sacchettini-de-crepes-fourrees-au-fromage-et-au-poivron.pdf\" target=\"_blank\" rel=\"noopener\">Sacchettini de cr\u00eapes fourr\u00e9es au fromage et au poivron<\/a><br \/>\n<a href=\"http:\/\/apvstcierges.ch\/wp-content\/uploads\/2022\/02\/Crepes-epicees-fourrees-au-celeri-et-aux-carottes.pdf\" target=\"_blank\" rel=\"noopener\">Cr\u00eapes \u00e9pic\u00e9es fourr\u00e9es au c\u00e9leri et aux carottes<\/a><br \/>\n<a href=\"http:\/\/apvstcierges.ch\/wp-content\/uploads\/2022\/02\/Pannequets-aux-herbes-et-au-fromage-a-la-creme.pdf\" target=\"_blank\" rel=\"noopener\">Pannequets aux herbes et au fromage \u00e0 la cr\u00e8me<\/a><br \/>\n<a href=\"http:\/\/apvstcierges.ch\/wp-content\/uploads\/2023\/01\/soupe-de-choucroute.pdf\" target=\"_blank\" rel=\"noopener\">Soupe de choucroute<\/a><a href=\"http:\/\/apvstcierges.ch\/wp-content\/uploads\/2022\/02\/Pannequets-aux-herbes-et-au-fromage-a-la-creme.pdf\" target=\"_blank\" rel=\"noopener\"><br \/>\n<\/a><a href=\"http:\/\/apvstcierges.ch\/wp-content\/uploads\/2023\/01\/Potage-carottes-gingembre.pdf\" target=\"_blank\" rel=\"noopener\">Potage carottes-gingembre<\/a><br \/>\n<a href=\"http:\/\/apvstcierges.ch\/wp-content\/uploads\/2024\/12\/swissmilk_gateau-aperitif-aux-epinards.pdf\" target=\"_blank\" rel=\"noopener\">G\u00e2teau ap\u00e9ritif aux \u00e9pinards<br \/>\n<\/a><a href=\"http:\/\/apvstcierges.ch\/wp-content\/uploads\/2024\/12\/Sucettes-de-choux-de-Bruxelles-au-chorizo.pdf\" target=\"_blank\" rel=\"noopener\">Sucettes de choux de Bruxelles au chorizo<\/a><br \/>\n<a href=\"http:\/\/apvstcierges.ch\/wp-content\/uploads\/2024\/12\/Rondelles-de-pomme-pour-laperitif.pdf\" target=\"_blank\" rel=\"noopener\">Rondelles de pomme pour l&rsquo;ap\u00e9ritif<\/a><br \/>\n<a href=\"http:\/\/apvstcierges.ch\/wp-content\/uploads\/2024\/12\/Crostini-avec-creme-aux-oignons-caramelises.pdf\" target=\"_blank\" rel=\"noopener\">Crostini avec cr\u00e8me aux oignons caram\u00e9lis\u00e9s<\/a><br \/>\n<a href=\"http:\/\/apvstcierges.ch\/wp-content\/uploads\/2024\/12\/Arbre-aperitif-au-fromage.pdf\" target=\"_blank\" rel=\"noopener\">Arbre ap\u00e9ritif au fromage<\/a><br \/>\n<a href=\"http:\/\/apvstcierges.ch\/wp-content\/uploads\/2024\/12\/Sables-aux-herbes.pdf\" target=\"_blank\" rel=\"noopener\">Sabl\u00e9s aux herbes<\/a><a href=\"http:\/\/apvstcierges.ch\/wp-content\/uploads\/2022\/02\/Pannequets-aux-herbes-et-au-fromage-a-la-creme.pdf\" target=\"_blank\" rel=\"noopener\"><br \/>\n<\/a><a href=\"http:\/\/apvstcierges.ch\/wp-content\/uploads\/2022\/02\/Pannequets-aux-herbes-et-au-fromage-a-la-creme.pdf\" target=\"_blank\" rel=\"noopener\"><br \/>\n<\/a><\/p>\n<p><span style=\"color: #99cc00;\">Plats principaux<br \/>\n<\/span><\/p>\n<p><a href=\"http:\/\/apvstcierges.ch\/wp-content\/uploads\/2018\/12\/Mignon-de-porc-Wellington.pdf\" target=\"_blank\" rel=\"noopener noreferrer\">Mignon de porc Wellington<\/a><br \/>\n<a href=\"http:\/\/apvstcierges.ch\/wp-content\/uploads\/2018\/12\/R\u00f4ti-de-magret-de-canard-farci-au-chou-fris\u00e9-et-chanterelles.pdf\" target=\"_blank\" rel=\"noopener noreferrer\">R\u00f4ti de magret de canard farci au chou fris\u00e9 et chanterelles<\/a><br \/>\n<a href=\"http:\/\/apvstcierges.ch\/wp-content\/uploads\/2019\/02\/choucroute0001.pdf\" target=\"_blank\" rel=\"noopener noreferrer\">Fabrication de la choucroute et id\u00e9es de recettes<\/a><br \/>\n<a href=\"http:\/\/apvstcierges.ch\/wp-content\/uploads\/2019\/02\/choucroute-et-sandre.pdf\" target=\"_blank\" rel=\"noopener noreferrer\">Filets de sandre sur lit de choucroute<\/a><br \/>\n<a href=\"http:\/\/apvstcierges.ch\/wp-content\/uploads\/2019\/03\/risotto-poulet-endives.pdf\">Risotto poulet endives<\/a><br \/>\n<a href=\"http:\/\/apvstcierges.ch\/wp-content\/uploads\/2019\/03\/nouilles-aux-endives.pdf\">Nouilles aux endives<\/a><br \/>\n<a href=\"http:\/\/apvstcierges.ch\/wp-content\/uploads\/2019\/12\/Poulet-au-safran-et-\u00e0-la-cannelle.pdf\" target=\"_blank\" rel=\"noopener noreferrer\">Poulet au safran et \u00e0 la cannelle<\/a><br \/>\n<a href=\"http:\/\/apvstcierges.ch\/wp-content\/uploads\/2020\/01\/Cheeseburger-\u00e0-la-courge-sans-gluten.pdf\" target=\"_blank\" rel=\"noopener noreferrer\">Cheeseburger \u00e0 la courge sans gluten<\/a><br \/>\n<a href=\"http:\/\/apvstcierges.ch\/wp-content\/uploads\/2020\/01\/L\u00e9gumes-en-salade-et-pita-au-fromage.pdf\" target=\"_blank\" rel=\"noopener noreferrer\">L\u00e9gumes en salade et pita au fromage<\/a><br \/>\n<a href=\"https:\/\/www.helvetibox.ch\/guide-pratique-torree\/\" target=\"_blank\" rel=\"noopener noreferrer\">La tor\u00e9e<\/a><br \/>\n<a href=\"https:\/\/stephanedecotterd.com\/2013\/10\/24\/brisolee-valaisanne-et-chataignes-vaudoises\/\" target=\"_blank\" rel=\"noopener noreferrer\">La brisol\u00e9e<\/a><br \/>\n<a href=\"http:\/\/www.pique-assiette.ch\/recettes\/598\" target=\"_blank\" rel=\"noopener noreferrer\">La soupe du chalet<\/a><br \/>\n<a href=\"http:\/\/apvstcierges.ch\/wp-content\/uploads\/2020\/02\/oeufs-et-p\u00e2te-\u00e0-pain.pdf\" target=\"_blank\" rel=\"noopener noreferrer\">Oeufs et p\u00e2te \u00e0 pain<\/a><br \/>\n<a href=\"http:\/\/apvstcierges.ch\/wp-content\/uploads\/2020\/02\/Cornettes-au-feu-de-bois.pdf\" target=\"_blank\" rel=\"noopener noreferrer\">Cornettes au feu de bois<\/a><br \/>\n<a href=\"http:\/\/apvstcierges.ch\/wp-content\/uploads\/2020\/12\/Legumes-en-wellington.pdf\" target=\"_blank\" rel=\"noopener noreferrer\">L\u00e9gumes en wellington<\/a><br \/>\n<a href=\"http:\/\/apvstcierges.ch\/wp-content\/uploads\/2021\/01\/Fusilli-dhiver.pdf\" target=\"_blank\" rel=\"noopener noreferrer\">Fusilli d&rsquo;hiver<\/a><br \/>\n<a href=\"http:\/\/apvstcierges.ch\/wp-content\/uploads\/2021\/01\/One-pot-pasta-aux-legumes.pdf\" target=\"_blank\" rel=\"noopener noreferrer\">One pot pasta aux l\u00e9gumes et poulet<\/a><br \/>\n<a href=\"http:\/\/apvstcierges.ch\/wp-content\/uploads\/2021\/01\/Ratatouille-dhiver.pdf\" target=\"_blank\" rel=\"noopener noreferrer\">Ratatouille d&rsquo;hiver<\/a><br \/>\n<a href=\"http:\/\/apvstcierges.ch\/wp-content\/uploads\/2021\/12\/Roti-de-Noel-sauce-a-lorange.pdf\" target=\"_blank\" rel=\"noopener\">R\u00f4ti de No\u00ebl sauce \u00e0 l&rsquo;orange<\/a><br \/>\n<a href=\"http:\/\/apvstcierges.ch\/wp-content\/uploads\/2021\/12\/salsifis-en-croute-et-mayonnaise-au-cresson.pdf\" target=\"_blank\" rel=\"noopener\">Salsifis en cro\u00fbte et mayonnaise au cresson<\/a><br \/>\n<a href=\"http:\/\/apvstcierges.ch\/wp-content\/uploads\/2023\/01\/Emince-de-poulet-sauce-a-lorange-et-au-gingembre.pdf\" target=\"_blank\" rel=\"noopener\">Eminc\u00e9 de poulet sauce \u00e0 l&rsquo;orange et au gingembre<\/a><br \/>\n<a href=\"http:\/\/apvstcierges.ch\/wp-content\/uploads\/2024\/02\/Paupiettes-de-poulet-sauce-cremeuse-a-la-moutarde.pdf\" target=\"_blank\" rel=\"noopener\">Paupiettes de poulet sauce cr\u00e9meuse \u00e0 la moutarde<\/a><br \/>\n<a href=\"http:\/\/apvstcierges.ch\/wp-content\/uploads\/2024\/02\/Paupiettes-domelettes.pdf\" target=\"_blank\" rel=\"noopener\">Paupiettes d&rsquo;omelettes<\/a><br \/>\n<a href=\"http:\/\/apvstcierges.ch\/wp-content\/uploads\/2024\/02\/Paupiettes-froides.pdf\" target=\"_blank\" rel=\"noopener\">Paupiettes -froides<\/a><br \/>\n<a href=\"http:\/\/apvstcierges.ch\/wp-content\/uploads\/2024\/02\/Paupiettes-de-choux-et-mousse-au-safran.pdf\" target=\"_blank\" rel=\"noopener\">Paupiettes de choux et mousse au safran<\/a><br \/>\n<a href=\"http:\/\/apvstcierges.ch\/wp-content\/uploads\/2024\/02\/Paupiettes-carrelet-poireaux.pdf\" target=\"_blank\" rel=\"noopener\">Paupiettes carrelet &#8211; poireaux<\/a><br \/>\n<a href=\"http:\/\/apvstcierges.ch\/wp-content\/uploads\/2024\/02\/Paupiettes.pdf\" target=\"_blank\" rel=\"noopener\">Paupiettes<\/a><br \/>\n<span style=\"font-size: inherit;\">\u00a0<\/span><\/p>\n<h4><span style=\"color: #99cc00;\">Desserts<\/span><\/h4>\n<p><a href=\"http:\/\/apvstcierges.ch\/wp-content\/uploads\/2018\/12\/Mousse-au-pain-d\u00e9pice-et-aux-deux-agrumes.pdf\" target=\"_blank\" rel=\"noopener noreferrer\">Mousse au pain d&rsquo;\u00e9pice et aux deux agrumes<\/a><br \/>\n<a href=\"http:\/\/apvstcierges.ch\/wp-content\/uploads\/2018\/12\/Pavlova-aux-baies.pdf\" target=\"_blank\" rel=\"noopener noreferrer\">Pavlova aux baies<\/a><br \/>\n<a href=\"http:\/\/apvstcierges.ch\/wp-content\/uploads\/2019\/01\/recette-vin-chaud-blanc.pdf\" target=\"_blank\" rel=\"noopener noreferrer\">vin chaud<\/a><br \/>\n<a href=\"http:\/\/apvstcierges.ch\/wp-content\/uploads\/2019\/12\/Tiramisu-de-No\u00ebl.pdf\" target=\"_blank\" rel=\"noopener noreferrer\">Tiramisu de No\u00ebl<\/a><br \/>\n<a href=\"http:\/\/apvstcierges.ch\/wp-content\/uploads\/2020\/12\/Panna-cotta-moka-et-glace-au-stollen-de-Noel.pdf\" target=\"_blank\" rel=\"noopener noreferrer\">Panna cotta moka et glace au stollen de No\u00ebl<\/a><br \/>\n<a style=\"font-size: inherit;\" href=\"http:\/\/apvstcierges.ch\/wp-content\/uploads\/2021\/01\/Pavlova-dhiver.pdf\" target=\"_blank\" rel=\"noopener noreferrer\">Pavlova d\u2019hiver<\/a><br \/>\n<a href=\"http:\/\/apvstcierges.ch\/wp-content\/uploads\/2021\/12\/Tiramisu-orange-pain-depices.pdf\" target=\"_blank\" rel=\"noopener\">Tiramisu orange-pain d\u2019\u00e9pices<\/a><br \/>\n<a href=\"http:\/\/apvstcierges.ch\/wp-content\/uploads\/2021\/12\/Glace-aux-laeckerlis-et-poires-au-cassis.pdf\" target=\"_blank\" rel=\"noopener\">Glace aux L\u00e4ckerlis et poires au cassis<\/a><br \/>\n<a href=\"http:\/\/apvstcierges.ch\/wp-content\/uploads\/2022\/02\/Crepes-au-the-et-salade-d_oranges-sanguines.pdf\" target=\"_blank\" rel=\"noopener\">Cr\u00eapes au th\u00e9 et salade d_oranges sanguines<\/a><br \/>\n<a href=\"http:\/\/apvstcierges.ch\/wp-content\/uploads\/2023\/01\/Infusion-gingembre-citron-vert.pdf\" target=\"_blank\" rel=\"noopener\">Infusion gingembre-citron vert<\/a><a href=\"http:\/\/apvstcierges.ch\/wp-content\/uploads\/2022\/02\/Pannequets-aux-herbes-et-au-fromage-a-la-creme.pdf\" target=\"_blank\" rel=\"noopener\"><br \/>\n<\/a><a href=\"http:\/\/apvstcierges.ch\/wp-content\/uploads\/2023\/01\/Panna-cotta-au-gingembre-et-mandarine.pdf\" target=\"_blank\" rel=\"noopener\">Panna cotta au gingembre et mandarine<\/a><a href=\"http:\/\/apvstcierges.ch\/wp-content\/uploads\/2022\/02\/Pannequets-aux-herbes-et-au-fromage-a-la-creme.pdf\" target=\"_blank\" rel=\"noopener\"><br \/>\n<\/a><a href=\"http:\/\/apvstcierges.ch\/wp-content\/uploads\/2023\/01\/Riz-au-lait-au-gingembre-et-rondelles-de-pomme.pdf\" target=\"_blank\" rel=\"noopener\">Riz au lait au gingembre et rondelles de pomme<\/a><a href=\"http:\/\/apvstcierges.ch\/wp-content\/uploads\/2022\/02\/Pannequets-aux-herbes-et-au-fromage-a-la-creme.pdf\" target=\"_blank\" rel=\"noopener\">\u00a0<\/a><br \/>\n<a href=\"http:\/\/apvstcierges.ch\/wp-content\/uploads\/2023\/12\/Buche-clementine-mascarpone.pdf\" target=\"_blank\" rel=\"noopener\">B\u00fbche cl\u00e9mentine mascarpone<\/a><br \/>\n<a href=\"http:\/\/apvstcierges.ch\/wp-content\/uploads\/2023\/12\/Buche-tiramisu.pdf\" target=\"_blank\" rel=\"noopener\">B\u00fbche tiramisu<\/a><br \/>\n<a href=\"http:\/\/apvstcierges.ch\/wp-content\/uploads\/2023\/12\/Buche-glaceeaux-epices.pdf\" target=\"_blank\" rel=\"noopener\">B\u00fbche glac\u00e9e aux \u00e9pices<\/a><br \/>\n<a href=\"http:\/\/apvstcierges.ch\/wp-content\/uploads\/2023\/12\/Buche-de-Noel.pdf\" target=\"_blank\" rel=\"noopener\">B\u00fbche de No\u00ebl<\/a><br \/>\n<a href=\"http:\/\/apvstcierges.ch\/wp-content\/uploads\/2023\/12\/Buche-de-Noel-aux-framboises.pdf\" target=\"_blank\" rel=\"noopener\">B\u00fbche aux framboises<\/a><\/p>\n","protected":false},"excerpt":{"rendered":"<p>Entr\u00e9es et accompagnements Aumoni\u00e8re de scampis Bonbons de foie gras Jardini\u00e8re de saison Accompagnements soupes Minestrone Soupe \u00e0 la pierre du Pays-d&rsquo;en Haut Soupe aux lentilles rouges cuites dans le thermos Soupes diverses Velout\u00e9 de champignons et ch\u00e2taignes Chaussons \u00e0 la choucroute Soupe de choucroute : remplacer le bouillon par du jus de pommes Endives <a class=\"more-link\" href=\"http:\/\/apvstcierges.ch\/index.php\/hiver\/\">Lire plus &#8230;<\/a><\/p>\n","protected":false},"author":1,"featured_media":0,"parent":0,"menu_order":0,"comment_status":"closed","ping_status":"closed","template":"","meta":{"footnotes":""},"class_list":["post-164","page","type-page","status-publish","hentry"],"yoast_head":"<!-- This site is optimized with the Yoast SEO plugin v24.8.1 - https:\/\/yoast.com\/wordpress\/plugins\/seo\/ -->\n<title>Hiver - Association des paysannes vaudoises, groupe St-Cierges et environs<\/title>\n<meta name=\"robots\" content=\"index, follow, max-snippet:-1, max-image-preview:large, max-video-preview:-1\" \/>\n<link rel=\"canonical\" href=\"https:\/\/apvstcierges.ch\/index.php\/hiver\/\" \/>\n<meta property=\"og:locale\" content=\"fr_FR\" \/>\n<meta property=\"og:type\" content=\"article\" \/>\n<meta property=\"og:title\" content=\"Hiver - Association des paysannes vaudoises, groupe St-Cierges et environs\" \/>\n<meta property=\"og:description\" content=\"Entr\u00e9es et accompagnements Aumoni\u00e8re de scampis Bonbons de foie gras Jardini\u00e8re de saison Accompagnements soupes Minestrone Soupe \u00e0 la pierre du Pays-d&rsquo;en Haut Soupe aux lentilles rouges cuites dans le thermos Soupes diverses Velout\u00e9 de champignons et ch\u00e2taignes Chaussons \u00e0 la choucroute Soupe de choucroute : remplacer le bouillon par du jus de pommes Endives Lire plus ...\" \/>\n<meta property=\"og:url\" content=\"https:\/\/apvstcierges.ch\/index.php\/hiver\/\" \/>\n<meta property=\"og:site_name\" content=\"Association des paysannes vaudoises, groupe St-Cierges et environs\" \/>\n<meta property=\"article:modified_time\" content=\"2025-01-28T08:05:56+00:00\" \/>\n<meta name=\"twitter:card\" content=\"summary_large_image\" \/>\n<meta name=\"twitter:label1\" content=\"Dur\u00e9e de lecture estim\u00e9e\" \/>\n\t<meta name=\"twitter:data1\" content=\"2 minutes\" \/>\n<script type=\"application\/ld+json\" class=\"yoast-schema-graph\">{\"@context\":\"https:\/\/schema.org\",\"@graph\":[{\"@type\":\"WebPage\",\"@id\":\"https:\/\/apvstcierges.ch\/index.php\/hiver\/\",\"url\":\"https:\/\/apvstcierges.ch\/index.php\/hiver\/\",\"name\":\"Hiver - Association des paysannes vaudoises, groupe St-Cierges et environs\",\"isPartOf\":{\"@id\":\"https:\/\/apvstcierges.ch\/#website\"},\"datePublished\":\"2018-05-08T16:04:05+00:00\",\"dateModified\":\"2025-01-28T08:05:56+00:00\",\"breadcrumb\":{\"@id\":\"https:\/\/apvstcierges.ch\/index.php\/hiver\/#breadcrumb\"},\"inLanguage\":\"fr-FR\",\"potentialAction\":[{\"@type\":\"ReadAction\",\"target\":[\"https:\/\/apvstcierges.ch\/index.php\/hiver\/\"]}]},{\"@type\":\"BreadcrumbList\",\"@id\":\"https:\/\/apvstcierges.ch\/index.php\/hiver\/#breadcrumb\",\"itemListElement\":[{\"@type\":\"ListItem\",\"position\":1,\"name\":\"Home\",\"item\":\"https:\/\/apvstcierges.ch\/\"},{\"@type\":\"ListItem\",\"position\":2,\"name\":\"Hiver\"}]},{\"@type\":\"WebSite\",\"@id\":\"https:\/\/apvstcierges.ch\/#website\",\"url\":\"https:\/\/apvstcierges.ch\/\",\"name\":\"Association des paysannes vaudoises, groupe St-Cierges et environs\",\"description\":\"\",\"potentialAction\":[{\"@type\":\"SearchAction\",\"target\":{\"@type\":\"EntryPoint\",\"urlTemplate\":\"https:\/\/apvstcierges.ch\/?s={search_term_string}\"},\"query-input\":{\"@type\":\"PropertyValueSpecification\",\"valueRequired\":true,\"valueName\":\"search_term_string\"}}],\"inLanguage\":\"fr-FR\"}]}<\/script>\n<!-- \/ Yoast SEO plugin. -->","yoast_head_json":{"title":"Hiver - Association des paysannes vaudoises, groupe St-Cierges et environs","robots":{"index":"index","follow":"follow","max-snippet":"max-snippet:-1","max-image-preview":"max-image-preview:large","max-video-preview":"max-video-preview:-1"},"canonical":"https:\/\/apvstcierges.ch\/index.php\/hiver\/","og_locale":"fr_FR","og_type":"article","og_title":"Hiver - Association des paysannes vaudoises, groupe St-Cierges et environs","og_description":"Entr\u00e9es et accompagnements Aumoni\u00e8re de scampis Bonbons de foie gras Jardini\u00e8re de saison Accompagnements soupes Minestrone Soupe \u00e0 la pierre du Pays-d&rsquo;en Haut Soupe aux lentilles rouges cuites dans le thermos Soupes diverses Velout\u00e9 de champignons et ch\u00e2taignes Chaussons \u00e0 la choucroute Soupe de choucroute : remplacer le bouillon par du jus de pommes Endives Lire plus ...","og_url":"https:\/\/apvstcierges.ch\/index.php\/hiver\/","og_site_name":"Association des paysannes vaudoises, groupe St-Cierges et environs","article_modified_time":"2025-01-28T08:05:56+00:00","twitter_card":"summary_large_image","twitter_misc":{"Dur\u00e9e de lecture estim\u00e9e":"2 minutes"},"schema":{"@context":"https:\/\/schema.org","@graph":[{"@type":"WebPage","@id":"https:\/\/apvstcierges.ch\/index.php\/hiver\/","url":"https:\/\/apvstcierges.ch\/index.php\/hiver\/","name":"Hiver - Association des paysannes vaudoises, groupe St-Cierges et environs","isPartOf":{"@id":"https:\/\/apvstcierges.ch\/#website"},"datePublished":"2018-05-08T16:04:05+00:00","dateModified":"2025-01-28T08:05:56+00:00","breadcrumb":{"@id":"https:\/\/apvstcierges.ch\/index.php\/hiver\/#breadcrumb"},"inLanguage":"fr-FR","potentialAction":[{"@type":"ReadAction","target":["https:\/\/apvstcierges.ch\/index.php\/hiver\/"]}]},{"@type":"BreadcrumbList","@id":"https:\/\/apvstcierges.ch\/index.php\/hiver\/#breadcrumb","itemListElement":[{"@type":"ListItem","position":1,"name":"Home","item":"https:\/\/apvstcierges.ch\/"},{"@type":"ListItem","position":2,"name":"Hiver"}]},{"@type":"WebSite","@id":"https:\/\/apvstcierges.ch\/#website","url":"https:\/\/apvstcierges.ch\/","name":"Association des paysannes vaudoises, groupe St-Cierges et environs","description":"","potentialAction":[{"@type":"SearchAction","target":{"@type":"EntryPoint","urlTemplate":"https:\/\/apvstcierges.ch\/?s={search_term_string}"},"query-input":{"@type":"PropertyValueSpecification","valueRequired":true,"valueName":"search_term_string"}}],"inLanguage":"fr-FR"}]}},"_links":{"self":[{"href":"http:\/\/apvstcierges.ch\/index.php\/wp-json\/wp\/v2\/pages\/164","targetHints":{"allow":["GET"]}}],"collection":[{"href":"http:\/\/apvstcierges.ch\/index.php\/wp-json\/wp\/v2\/pages"}],"about":[{"href":"http:\/\/apvstcierges.ch\/index.php\/wp-json\/wp\/v2\/types\/page"}],"author":[{"embeddable":true,"href":"http:\/\/apvstcierges.ch\/index.php\/wp-json\/wp\/v2\/users\/1"}],"replies":[{"embeddable":true,"href":"http:\/\/apvstcierges.ch\/index.php\/wp-json\/wp\/v2\/comments?post=164"}],"version-history":[{"count":20,"href":"http:\/\/apvstcierges.ch\/index.php\/wp-json\/wp\/v2\/pages\/164\/revisions"}],"predecessor-version":[{"id":3641,"href":"http:\/\/apvstcierges.ch\/index.php\/wp-json\/wp\/v2\/pages\/164\/revisions\/3641"}],"wp:attachment":[{"href":"http:\/\/apvstcierges.ch\/index.php\/wp-json\/wp\/v2\/media?parent=164"}],"curies":[{"name":"wp","href":"https:\/\/api.w.org\/{rel}","templated":true}]}}