{"id":156,"date":"2018-05-08T16:03:31","date_gmt":"2018-05-08T16:03:31","guid":{"rendered":"http:\/\/apvstcierges.ch\/?page_id=156"},"modified":"2018-05-08T16:09:33","modified_gmt":"2018-05-08T16:09:33","slug":"archives-recettes","status":"publish","type":"page","link":"https:\/\/apvstcierges.ch\/index.php\/archives-recettes\/","title":{"rendered":"Archives recettes"},"content":{"rendered":"<p>Vous trouverez ici les recettes publi\u00e9es au fil des mois class\u00e9es par saison<\/p>\n<p><a href=\"http:\/\/apvstcierges.ch\/index.php\/printemps\/\" target=\"_blank\" rel=\"noopener\">Printemps<\/a><\/p>\n<p><a href=\"http:\/\/apvstcierges.ch\/index.php\/ete\/\" target=\"_blank\" rel=\"noopener\">Et\u00e9<\/a><\/p>\n<p><a href=\"http:\/\/apvstcierges.ch\/index.php\/automne\/\" target=\"_blank\" rel=\"noopener\">Automne<\/a><\/p>\n<p><a href=\"http:\/\/apvstcierges.ch\/index.php\/hiver\/\" target=\"_blank\" rel=\"noopener\">Hiver<\/a><\/p>\n","protected":false},"excerpt":{"rendered":"<p>Vous trouverez ici les recettes publi\u00e9es au fil des mois class\u00e9es par saison Printemps Et\u00e9 Automne Hiver<\/p>\n","protected":false},"author":1,"featured_media":0,"parent":0,"menu_order":0,"comment_status":"closed","ping_status":"closed","template":"","meta":{"footnotes":""},"class_list":["post-156","page","type-page","status-publish","hentry"],"yoast_head":"<!-- This site is optimized with the Yoast SEO plugin v24.8.1 - https:\/\/yoast.com\/wordpress\/plugins\/seo\/ -->\n<title>Archives recettes - Association des paysannes vaudoises, groupe St-Cierges et environs<\/title>\n<meta name=\"robots\" content=\"index, follow, max-snippet:-1, max-image-preview:large, max-video-preview:-1\" \/>\n<link rel=\"canonical\" href=\"http:\/\/apvstcierges.ch\/index.php\/archives-recettes\/\" \/>\n<meta property=\"og:locale\" content=\"fr_FR\" \/>\n<meta property=\"og:type\" content=\"article\" \/>\n<meta property=\"og:title\" content=\"Archives recettes - Association des paysannes vaudoises, groupe St-Cierges et environs\" \/>\n<meta property=\"og:description\" content=\"Vous trouverez ici les recettes publi\u00e9es au fil des mois class\u00e9es par saison Printemps Et\u00e9 Automne Hiver\" \/>\n<meta property=\"og:url\" content=\"http:\/\/apvstcierges.ch\/index.php\/archives-recettes\/\" \/>\n<meta property=\"og:site_name\" content=\"Association des paysannes vaudoises, groupe St-Cierges et environs\" \/>\n<meta property=\"article:modified_time\" content=\"2018-05-08T16:09:33+00:00\" \/>\n<meta name=\"twitter:card\" content=\"summary_large_image\" \/>\n<script type=\"application\/ld+json\" class=\"yoast-schema-graph\">{\"@context\":\"https:\/\/schema.org\",\"@graph\":[{\"@type\":\"WebPage\",\"@id\":\"http:\/\/apvstcierges.ch\/index.php\/archives-recettes\/\",\"url\":\"http:\/\/apvstcierges.ch\/index.php\/archives-recettes\/\",\"name\":\"Archives recettes - Association des paysannes vaudoises, groupe St-Cierges et environs\",\"isPartOf\":{\"@id\":\"http:\/\/apvstcierges.ch\/#website\"},\"datePublished\":\"2018-05-08T16:03:31+00:00\",\"dateModified\":\"2018-05-08T16:09:33+00:00\",\"breadcrumb\":{\"@id\":\"http:\/\/apvstcierges.ch\/index.php\/archives-recettes\/#breadcrumb\"},\"inLanguage\":\"fr-FR\",\"potentialAction\":[{\"@type\":\"ReadAction\",\"target\":[\"http:\/\/apvstcierges.ch\/index.php\/archives-recettes\/\"]}]},{\"@type\":\"BreadcrumbList\",\"@id\":\"http:\/\/apvstcierges.ch\/index.php\/archives-recettes\/#breadcrumb\",\"itemListElement\":[{\"@type\":\"ListItem\",\"position\":1,\"name\":\"Home\",\"item\":\"http:\/\/apvstcierges.ch\/\"},{\"@type\":\"ListItem\",\"position\":2,\"name\":\"Archives recettes\"}]},{\"@type\":\"WebSite\",\"@id\":\"http:\/\/apvstcierges.ch\/#website\",\"url\":\"http:\/\/apvstcierges.ch\/\",\"name\":\"Association des paysannes vaudoises, groupe St-Cierges et environs\",\"description\":\"\",\"potentialAction\":[{\"@type\":\"SearchAction\",\"target\":{\"@type\":\"EntryPoint\",\"urlTemplate\":\"http:\/\/apvstcierges.ch\/?s={search_term_string}\"},\"query-input\":{\"@type\":\"PropertyValueSpecification\",\"valueRequired\":true,\"valueName\":\"search_term_string\"}}],\"inLanguage\":\"fr-FR\"}]}<\/script>\n<!-- \/ Yoast SEO plugin. -->","yoast_head_json":{"title":"Archives recettes - Association des paysannes vaudoises, groupe St-Cierges et environs","robots":{"index":"index","follow":"follow","max-snippet":"max-snippet:-1","max-image-preview":"max-image-preview:large","max-video-preview":"max-video-preview:-1"},"canonical":"http:\/\/apvstcierges.ch\/index.php\/archives-recettes\/","og_locale":"fr_FR","og_type":"article","og_title":"Archives recettes - Association des paysannes vaudoises, groupe St-Cierges et environs","og_description":"Vous trouverez ici les recettes publi\u00e9es au fil des mois class\u00e9es par saison Printemps Et\u00e9 Automne Hiver","og_url":"http:\/\/apvstcierges.ch\/index.php\/archives-recettes\/","og_site_name":"Association des paysannes vaudoises, groupe St-Cierges et environs","article_modified_time":"2018-05-08T16:09:33+00:00","twitter_card":"summary_large_image","schema":{"@context":"https:\/\/schema.org","@graph":[{"@type":"WebPage","@id":"http:\/\/apvstcierges.ch\/index.php\/archives-recettes\/","url":"http:\/\/apvstcierges.ch\/index.php\/archives-recettes\/","name":"Archives recettes - Association des paysannes vaudoises, groupe St-Cierges et environs","isPartOf":{"@id":"http:\/\/apvstcierges.ch\/#website"},"datePublished":"2018-05-08T16:03:31+00:00","dateModified":"2018-05-08T16:09:33+00:00","breadcrumb":{"@id":"http:\/\/apvstcierges.ch\/index.php\/archives-recettes\/#breadcrumb"},"inLanguage":"fr-FR","potentialAction":[{"@type":"ReadAction","target":["http:\/\/apvstcierges.ch\/index.php\/archives-recettes\/"]}]},{"@type":"BreadcrumbList","@id":"http:\/\/apvstcierges.ch\/index.php\/archives-recettes\/#breadcrumb","itemListElement":[{"@type":"ListItem","position":1,"name":"Home","item":"http:\/\/apvstcierges.ch\/"},{"@type":"ListItem","position":2,"name":"Archives recettes"}]},{"@type":"WebSite","@id":"http:\/\/apvstcierges.ch\/#website","url":"http:\/\/apvstcierges.ch\/","name":"Association des paysannes vaudoises, groupe St-Cierges et environs","description":"","potentialAction":[{"@type":"SearchAction","target":{"@type":"EntryPoint","urlTemplate":"http:\/\/apvstcierges.ch\/?s={search_term_string}"},"query-input":{"@type":"PropertyValueSpecification","valueRequired":true,"valueName":"search_term_string"}}],"inLanguage":"fr-FR"}]}},"_links":{"self":[{"href":"https:\/\/apvstcierges.ch\/index.php\/wp-json\/wp\/v2\/pages\/156","targetHints":{"allow":["GET"]}}],"collection":[{"href":"https:\/\/apvstcierges.ch\/index.php\/wp-json\/wp\/v2\/pages"}],"about":[{"href":"https:\/\/apvstcierges.ch\/index.php\/wp-json\/wp\/v2\/types\/page"}],"author":[{"embeddable":true,"href":"https:\/\/apvstcierges.ch\/index.php\/wp-json\/wp\/v2\/users\/1"}],"replies":[{"embeddable":true,"href":"https:\/\/apvstcierges.ch\/index.php\/wp-json\/wp\/v2\/comments?post=156"}],"version-history":[{"count":3,"href":"https:\/\/apvstcierges.ch\/index.php\/wp-json\/wp\/v2\/pages\/156\/revisions"}],"predecessor-version":[{"id":174,"href":"https:\/\/apvstcierges.ch\/index.php\/wp-json\/wp\/v2\/pages\/156\/revisions\/174"}],"wp:attachment":[{"href":"https:\/\/apvstcierges.ch\/index.php\/wp-json\/wp\/v2\/media?parent=156"}],"curies":[{"name":"wp","href":"https:\/\/api.w.org\/{rel}","templated":true}]}}