{"id":2201,"date":"2020-10-08T15:16:37","date_gmt":"2020-10-08T15:16:37","guid":{"rendered":"http:\/\/apvstcierges.ch\/?page_id=2201"},"modified":"2023-04-21T11:47:53","modified_gmt":"2023-04-21T11:47:53","slug":"les-abeilles-therapeutes","status":"publish","type":"page","link":"https:\/\/apvstcierges.ch\/index.php\/les-abeilles-therapeutes\/","title":{"rendered":"Nos abeilles th\u00e9rapeutes"},"content":{"rendered":"\n<p><span class=\"has-inline-color has-luminous-vivid-orange-color\"><strong>Denezy<\/strong><\/span><\/p>\n\n\n\n<p>Floriane Favre : sage-femme \u00e0 domicile, cours de pr\u00e9paration \u00e0 la naissance, soutien \u00e0 l&rsquo;allaitement, d\u00e9briefing d&rsquo;accouchement difficile &#8211; <a href=\"https:\/\/sages-femmes-bourg.ch\/\" target=\"_blank\" rel=\"noreferrer noopener\">contact<\/a><\/p>\n\n\n\n<h5 class=\"has-luminous-vivid-orange-color has-text-color wp-block-heading\">Moudon<\/h5>\n\n\n\n<p>C\u00e9cile Crisinel Favre : di\u00e9t\u00e9ticienne : <a href=\"https:\/\/moudon-nutrition.ch\/\" target=\"_blank\" rel=\"noreferrer noopener\">site internet<\/a><\/p>\n\n\n\n<h5 class=\"has-luminous-vivid-orange-color has-text-color wp-block-heading\">Thierrens<\/h5>\n\n\n\n<p>Nadine Vulliens : kin\u00e9siologie et m\u00e9decines holistiques : <a href=\"https:\/\/les-mots-de-l-ame.ch\/?fbclid=IwAR1DTx6l1VrNDAYoGioJsGcsRXHSJXYCc96QmxufhH4f0h1iFWwrL3Kpk-o\" target=\"_blank\" rel=\"noreferrer noopener\">site internet<\/a><br><\/p>\n","protected":false},"excerpt":{"rendered":"<p>Denezy Floriane Favre : sage-femme \u00e0 domicile, cours de pr\u00e9paration \u00e0 la naissance, soutien \u00e0 l&rsquo;allaitement, d\u00e9briefing d&rsquo;accouchement difficile &#8211; contact Moudon C\u00e9cile Crisinel Favre : di\u00e9t\u00e9ticienne : site internet Thierrens Nadine Vulliens : kin\u00e9siologie et m\u00e9decines holistiques : site internet<\/p>\n","protected":false},"author":1,"featured_media":0,"parent":0,"menu_order":0,"comment_status":"closed","ping_status":"closed","template":"","meta":{"footnotes":""},"class_list":["post-2201","page","type-page","status-publish","hentry"],"yoast_head":"<!-- This site is optimized with the Yoast SEO plugin v24.8.1 - https:\/\/yoast.com\/wordpress\/plugins\/seo\/ -->\n<title>Nos abeilles th\u00e9rapeutes - Association des paysannes vaudoises, groupe St-Cierges et environs<\/title>\n<meta name=\"robots\" content=\"index, follow, max-snippet:-1, max-image-preview:large, max-video-preview:-1\" \/>\n<link rel=\"canonical\" href=\"http:\/\/apvstcierges.ch\/index.php\/les-abeilles-therapeutes\/\" \/>\n<meta property=\"og:locale\" content=\"fr_FR\" \/>\n<meta property=\"og:type\" content=\"article\" \/>\n<meta property=\"og:title\" content=\"Nos abeilles th\u00e9rapeutes - Association des paysannes vaudoises, groupe St-Cierges et environs\" \/>\n<meta property=\"og:description\" content=\"Denezy Floriane Favre : sage-femme \u00e0 domicile, cours de pr\u00e9paration \u00e0 la naissance, soutien \u00e0 l&rsquo;allaitement, d\u00e9briefing d&rsquo;accouchement difficile &#8211; contact Moudon C\u00e9cile Crisinel Favre : di\u00e9t\u00e9ticienne : site internet Thierrens Nadine Vulliens : kin\u00e9siologie et m\u00e9decines holistiques : site internet\" \/>\n<meta property=\"og:url\" content=\"http:\/\/apvstcierges.ch\/index.php\/les-abeilles-therapeutes\/\" \/>\n<meta property=\"og:site_name\" content=\"Association des paysannes vaudoises, groupe St-Cierges et environs\" \/>\n<meta property=\"article:modified_time\" content=\"2023-04-21T11:47:53+00:00\" \/>\n<meta name=\"twitter:card\" content=\"summary_large_image\" \/>\n<meta name=\"twitter:label1\" content=\"Dur\u00e9e de lecture estim\u00e9e\" \/>\n\t<meta name=\"twitter:data1\" content=\"1 minute\" \/>\n<script type=\"application\/ld+json\" class=\"yoast-schema-graph\">{\"@context\":\"https:\/\/schema.org\",\"@graph\":[{\"@type\":\"WebPage\",\"@id\":\"http:\/\/apvstcierges.ch\/index.php\/les-abeilles-therapeutes\/\",\"url\":\"http:\/\/apvstcierges.ch\/index.php\/les-abeilles-therapeutes\/\",\"name\":\"Nos abeilles th\u00e9rapeutes - Association des paysannes vaudoises, groupe St-Cierges et environs\",\"isPartOf\":{\"@id\":\"https:\/\/apvstcierges.ch\/#website\"},\"datePublished\":\"2020-10-08T15:16:37+00:00\",\"dateModified\":\"2023-04-21T11:47:53+00:00\",\"breadcrumb\":{\"@id\":\"http:\/\/apvstcierges.ch\/index.php\/les-abeilles-therapeutes\/#breadcrumb\"},\"inLanguage\":\"fr-FR\",\"potentialAction\":[{\"@type\":\"ReadAction\",\"target\":[\"http:\/\/apvstcierges.ch\/index.php\/les-abeilles-therapeutes\/\"]}]},{\"@type\":\"BreadcrumbList\",\"@id\":\"http:\/\/apvstcierges.ch\/index.php\/les-abeilles-therapeutes\/#breadcrumb\",\"itemListElement\":[{\"@type\":\"ListItem\",\"position\":1,\"name\":\"Home\",\"item\":\"https:\/\/apvstcierges.ch\/\"},{\"@type\":\"ListItem\",\"position\":2,\"name\":\"Nos abeilles th\u00e9rapeutes\"}]},{\"@type\":\"WebSite\",\"@id\":\"https:\/\/apvstcierges.ch\/#website\",\"url\":\"https:\/\/apvstcierges.ch\/\",\"name\":\"Association des paysannes vaudoises, groupe St-Cierges et environs\",\"description\":\"\",\"potentialAction\":[{\"@type\":\"SearchAction\",\"target\":{\"@type\":\"EntryPoint\",\"urlTemplate\":\"https:\/\/apvstcierges.ch\/?s={search_term_string}\"},\"query-input\":{\"@type\":\"PropertyValueSpecification\",\"valueRequired\":true,\"valueName\":\"search_term_string\"}}],\"inLanguage\":\"fr-FR\"}]}<\/script>\n<!-- \/ Yoast SEO plugin. -->","yoast_head_json":{"title":"Nos abeilles th\u00e9rapeutes - Association des paysannes vaudoises, groupe St-Cierges et environs","robots":{"index":"index","follow":"follow","max-snippet":"max-snippet:-1","max-image-preview":"max-image-preview:large","max-video-preview":"max-video-preview:-1"},"canonical":"http:\/\/apvstcierges.ch\/index.php\/les-abeilles-therapeutes\/","og_locale":"fr_FR","og_type":"article","og_title":"Nos abeilles th\u00e9rapeutes - Association des paysannes vaudoises, groupe St-Cierges et environs","og_description":"Denezy Floriane Favre : sage-femme \u00e0 domicile, cours de pr\u00e9paration \u00e0 la naissance, soutien \u00e0 l&rsquo;allaitement, d\u00e9briefing d&rsquo;accouchement difficile &#8211; contact Moudon C\u00e9cile Crisinel Favre : di\u00e9t\u00e9ticienne : site internet Thierrens Nadine Vulliens : kin\u00e9siologie et m\u00e9decines holistiques : site internet","og_url":"http:\/\/apvstcierges.ch\/index.php\/les-abeilles-therapeutes\/","og_site_name":"Association des paysannes vaudoises, groupe St-Cierges et environs","article_modified_time":"2023-04-21T11:47:53+00:00","twitter_card":"summary_large_image","twitter_misc":{"Dur\u00e9e de lecture estim\u00e9e":"1 minute"},"schema":{"@context":"https:\/\/schema.org","@graph":[{"@type":"WebPage","@id":"http:\/\/apvstcierges.ch\/index.php\/les-abeilles-therapeutes\/","url":"http:\/\/apvstcierges.ch\/index.php\/les-abeilles-therapeutes\/","name":"Nos abeilles th\u00e9rapeutes - Association des paysannes vaudoises, groupe St-Cierges et environs","isPartOf":{"@id":"https:\/\/apvstcierges.ch\/#website"},"datePublished":"2020-10-08T15:16:37+00:00","dateModified":"2023-04-21T11:47:53+00:00","breadcrumb":{"@id":"http:\/\/apvstcierges.ch\/index.php\/les-abeilles-therapeutes\/#breadcrumb"},"inLanguage":"fr-FR","potentialAction":[{"@type":"ReadAction","target":["http:\/\/apvstcierges.ch\/index.php\/les-abeilles-therapeutes\/"]}]},{"@type":"BreadcrumbList","@id":"http:\/\/apvstcierges.ch\/index.php\/les-abeilles-therapeutes\/#breadcrumb","itemListElement":[{"@type":"ListItem","position":1,"name":"Home","item":"https:\/\/apvstcierges.ch\/"},{"@type":"ListItem","position":2,"name":"Nos abeilles th\u00e9rapeutes"}]},{"@type":"WebSite","@id":"https:\/\/apvstcierges.ch\/#website","url":"https:\/\/apvstcierges.ch\/","name":"Association des paysannes vaudoises, groupe St-Cierges et environs","description":"","potentialAction":[{"@type":"SearchAction","target":{"@type":"EntryPoint","urlTemplate":"https:\/\/apvstcierges.ch\/?s={search_term_string}"},"query-input":{"@type":"PropertyValueSpecification","valueRequired":true,"valueName":"search_term_string"}}],"inLanguage":"fr-FR"}]}},"_links":{"self":[{"href":"https:\/\/apvstcierges.ch\/index.php\/wp-json\/wp\/v2\/pages\/2201","targetHints":{"allow":["GET"]}}],"collection":[{"href":"https:\/\/apvstcierges.ch\/index.php\/wp-json\/wp\/v2\/pages"}],"about":[{"href":"https:\/\/apvstcierges.ch\/index.php\/wp-json\/wp\/v2\/types\/page"}],"author":[{"embeddable":true,"href":"https:\/\/apvstcierges.ch\/index.php\/wp-json\/wp\/v2\/users\/1"}],"replies":[{"embeddable":true,"href":"https:\/\/apvstcierges.ch\/index.php\/wp-json\/wp\/v2\/comments?post=2201"}],"version-history":[{"count":12,"href":"https:\/\/apvstcierges.ch\/index.php\/wp-json\/wp\/v2\/pages\/2201\/revisions"}],"predecessor-version":[{"id":3103,"href":"https:\/\/apvstcierges.ch\/index.php\/wp-json\/wp\/v2\/pages\/2201\/revisions\/3103"}],"wp:attachment":[{"href":"https:\/\/apvstcierges.ch\/index.php\/wp-json\/wp\/v2\/media?parent=2201"}],"curies":[{"name":"wp","href":"https:\/\/api.w.org\/{rel}","templated":true}]}}