{"id":2239,"date":"2020-10-27T08:06:57","date_gmt":"2020-10-27T08:06:57","guid":{"rendered":"http:\/\/apvstcierges.ch\/?page_id=2239"},"modified":"2024-04-29T05:29:08","modified_gmt":"2024-04-29T05:29:08","slug":"les-abeilles-independantes","status":"publish","type":"page","link":"https:\/\/apvstcierges.ch\/index.php\/les-abeilles-independantes\/","title":{"rendered":"Nos abeilles ind\u00e9pendantes"},"content":{"rendered":"\n<h4 class=\"wp-block-heading has-luminous-vivid-orange-color has-text-color\"><\/h4>\n\n\n\n<p>Gaby M\u00e9groz &#8211; agence de voyage ind\u00e9pendante : <a aria-label=\"undefined (s\u2019ouvre dans un nouvel onglet)\" href=\"http:\/\/www.doodootravel.com\/styled-8\/\" target=\"_blank\" rel=\"noreferrer noopener\">site internet<\/a><\/p>\n\n\n\n<p>Othilie Piot &#8211; coiffeuse : <a href=\"https:\/\/www.botaniquecoiffure.ch\/\" target=\"_blank\" rel=\"noreferrer noopener\">site internet<\/a><\/p>\n","protected":false},"excerpt":{"rendered":"<p>Gaby M\u00e9groz &#8211; agence de voyage ind\u00e9pendante : site internet Othilie Piot &#8211; coiffeuse : site internet<\/p>\n","protected":false},"author":1,"featured_media":0,"parent":0,"menu_order":0,"comment_status":"closed","ping_status":"closed","template":"","meta":{"footnotes":""},"class_list":["post-2239","page","type-page","status-publish","hentry"],"yoast_head":"<!-- This site is optimized with the Yoast SEO plugin v24.8.1 - https:\/\/yoast.com\/wordpress\/plugins\/seo\/ -->\n<title>Nos abeilles ind\u00e9pendantes - Association des paysannes vaudoises, groupe St-Cierges et environs<\/title>\n<meta name=\"robots\" content=\"index, follow, max-snippet:-1, max-image-preview:large, max-video-preview:-1\" \/>\n<link rel=\"canonical\" href=\"https:\/\/apvstcierges.ch\/index.php\/les-abeilles-independantes\/\" \/>\n<meta property=\"og:locale\" content=\"fr_FR\" \/>\n<meta property=\"og:type\" content=\"article\" \/>\n<meta property=\"og:title\" content=\"Nos abeilles ind\u00e9pendantes - Association des paysannes vaudoises, groupe St-Cierges et environs\" \/>\n<meta property=\"og:description\" content=\"Gaby M\u00e9groz &#8211; agence de voyage ind\u00e9pendante : site internet Othilie Piot &#8211; coiffeuse : site internet\" \/>\n<meta property=\"og:url\" content=\"https:\/\/apvstcierges.ch\/index.php\/les-abeilles-independantes\/\" \/>\n<meta property=\"og:site_name\" content=\"Association des paysannes vaudoises, groupe St-Cierges et environs\" \/>\n<meta property=\"article:modified_time\" content=\"2024-04-29T05:29:08+00:00\" \/>\n<meta name=\"twitter:card\" content=\"summary_large_image\" \/>\n<meta name=\"twitter:label1\" content=\"Dur\u00e9e de lecture estim\u00e9e\" \/>\n\t<meta name=\"twitter:data1\" content=\"1 minute\" \/>\n<script type=\"application\/ld+json\" class=\"yoast-schema-graph\">{\"@context\":\"https:\/\/schema.org\",\"@graph\":[{\"@type\":\"WebPage\",\"@id\":\"https:\/\/apvstcierges.ch\/index.php\/les-abeilles-independantes\/\",\"url\":\"https:\/\/apvstcierges.ch\/index.php\/les-abeilles-independantes\/\",\"name\":\"Nos abeilles ind\u00e9pendantes - Association des paysannes vaudoises, groupe St-Cierges et environs\",\"isPartOf\":{\"@id\":\"https:\/\/apvstcierges.ch\/#website\"},\"datePublished\":\"2020-10-27T08:06:57+00:00\",\"dateModified\":\"2024-04-29T05:29:08+00:00\",\"breadcrumb\":{\"@id\":\"https:\/\/apvstcierges.ch\/index.php\/les-abeilles-independantes\/#breadcrumb\"},\"inLanguage\":\"fr-FR\",\"potentialAction\":[{\"@type\":\"ReadAction\",\"target\":[\"https:\/\/apvstcierges.ch\/index.php\/les-abeilles-independantes\/\"]}]},{\"@type\":\"BreadcrumbList\",\"@id\":\"https:\/\/apvstcierges.ch\/index.php\/les-abeilles-independantes\/#breadcrumb\",\"itemListElement\":[{\"@type\":\"ListItem\",\"position\":1,\"name\":\"Home\",\"item\":\"https:\/\/apvstcierges.ch\/\"},{\"@type\":\"ListItem\",\"position\":2,\"name\":\"Nos abeilles ind\u00e9pendantes\"}]},{\"@type\":\"WebSite\",\"@id\":\"https:\/\/apvstcierges.ch\/#website\",\"url\":\"https:\/\/apvstcierges.ch\/\",\"name\":\"Association des paysannes vaudoises, groupe St-Cierges et environs\",\"description\":\"\",\"potentialAction\":[{\"@type\":\"SearchAction\",\"target\":{\"@type\":\"EntryPoint\",\"urlTemplate\":\"https:\/\/apvstcierges.ch\/?s={search_term_string}\"},\"query-input\":{\"@type\":\"PropertyValueSpecification\",\"valueRequired\":true,\"valueName\":\"search_term_string\"}}],\"inLanguage\":\"fr-FR\"}]}<\/script>\n<!-- \/ Yoast SEO plugin. -->","yoast_head_json":{"title":"Nos abeilles ind\u00e9pendantes - Association des paysannes vaudoises, groupe St-Cierges et environs","robots":{"index":"index","follow":"follow","max-snippet":"max-snippet:-1","max-image-preview":"max-image-preview:large","max-video-preview":"max-video-preview:-1"},"canonical":"https:\/\/apvstcierges.ch\/index.php\/les-abeilles-independantes\/","og_locale":"fr_FR","og_type":"article","og_title":"Nos abeilles ind\u00e9pendantes - Association des paysannes vaudoises, groupe St-Cierges et environs","og_description":"Gaby M\u00e9groz &#8211; agence de voyage ind\u00e9pendante : site internet Othilie Piot &#8211; coiffeuse : site internet","og_url":"https:\/\/apvstcierges.ch\/index.php\/les-abeilles-independantes\/","og_site_name":"Association des paysannes vaudoises, groupe St-Cierges et environs","article_modified_time":"2024-04-29T05:29:08+00:00","twitter_card":"summary_large_image","twitter_misc":{"Dur\u00e9e de lecture estim\u00e9e":"1 minute"},"schema":{"@context":"https:\/\/schema.org","@graph":[{"@type":"WebPage","@id":"https:\/\/apvstcierges.ch\/index.php\/les-abeilles-independantes\/","url":"https:\/\/apvstcierges.ch\/index.php\/les-abeilles-independantes\/","name":"Nos abeilles ind\u00e9pendantes - Association des paysannes vaudoises, groupe St-Cierges et environs","isPartOf":{"@id":"https:\/\/apvstcierges.ch\/#website"},"datePublished":"2020-10-27T08:06:57+00:00","dateModified":"2024-04-29T05:29:08+00:00","breadcrumb":{"@id":"https:\/\/apvstcierges.ch\/index.php\/les-abeilles-independantes\/#breadcrumb"},"inLanguage":"fr-FR","potentialAction":[{"@type":"ReadAction","target":["https:\/\/apvstcierges.ch\/index.php\/les-abeilles-independantes\/"]}]},{"@type":"BreadcrumbList","@id":"https:\/\/apvstcierges.ch\/index.php\/les-abeilles-independantes\/#breadcrumb","itemListElement":[{"@type":"ListItem","position":1,"name":"Home","item":"https:\/\/apvstcierges.ch\/"},{"@type":"ListItem","position":2,"name":"Nos abeilles ind\u00e9pendantes"}]},{"@type":"WebSite","@id":"https:\/\/apvstcierges.ch\/#website","url":"https:\/\/apvstcierges.ch\/","name":"Association des paysannes vaudoises, groupe St-Cierges et environs","description":"","potentialAction":[{"@type":"SearchAction","target":{"@type":"EntryPoint","urlTemplate":"https:\/\/apvstcierges.ch\/?s={search_term_string}"},"query-input":{"@type":"PropertyValueSpecification","valueRequired":true,"valueName":"search_term_string"}}],"inLanguage":"fr-FR"}]}},"_links":{"self":[{"href":"https:\/\/apvstcierges.ch\/index.php\/wp-json\/wp\/v2\/pages\/2239","targetHints":{"allow":["GET"]}}],"collection":[{"href":"https:\/\/apvstcierges.ch\/index.php\/wp-json\/wp\/v2\/pages"}],"about":[{"href":"https:\/\/apvstcierges.ch\/index.php\/wp-json\/wp\/v2\/types\/page"}],"author":[{"embeddable":true,"href":"https:\/\/apvstcierges.ch\/index.php\/wp-json\/wp\/v2\/users\/1"}],"replies":[{"embeddable":true,"href":"https:\/\/apvstcierges.ch\/index.php\/wp-json\/wp\/v2\/comments?post=2239"}],"version-history":[{"count":3,"href":"https:\/\/apvstcierges.ch\/index.php\/wp-json\/wp\/v2\/pages\/2239\/revisions"}],"predecessor-version":[{"id":3411,"href":"https:\/\/apvstcierges.ch\/index.php\/wp-json\/wp\/v2\/pages\/2239\/revisions\/3411"}],"wp:attachment":[{"href":"https:\/\/apvstcierges.ch\/index.php\/wp-json\/wp\/v2\/media?parent=2239"}],"curies":[{"name":"wp","href":"https:\/\/api.w.org\/{rel}","templated":true}]}}