{"id":574,"date":"2018-10-07T10:09:26","date_gmt":"2018-10-07T10:09:26","guid":{"rendered":"http:\/\/apvstcierges.ch\/?page_id=574"},"modified":"2020-10-15T14:23:28","modified_gmt":"2020-10-15T14:23:28","slug":"nos-membres-artisanes","status":"publish","type":"page","link":"https:\/\/apvstcierges.ch\/index.php\/nos-membres-artisanes\/","title":{"rendered":"Nos abeilles artisanes"},"content":{"rendered":"<h4><span style=\"color: #99cc00;\">Boulens<\/span><\/h4>\n<ul>\n<li><a href=\"http:\/\/www.fleurs-et-orient.ch\/Fleurs_et_orient\/Infos.html\" target=\"_blank\" rel=\"noopener noreferrer\">Nicole H\u00e9ritier<\/a> :&nbsp; boutique d&rsquo;artisanat, de senteurs et de saveurs<\/li>\n<li>France-Line Potterat :&nbsp;Peinture sur bois&nbsp; 021 905 41 74<\/li>\n<li>Laurence B\u00fchler : cartes de v\u0153ux, boules, lampes, guirlandes \u00e9lectriques&nbsp; &#8211;&nbsp;021 905 50 12<\/li>\n<\/ul>\n<h4><span style=\"color: #99cc00;\">Thierrens<\/span><\/h4>\n<ul>\n<li><a href=\"http:\/\/ceramicthierrens.potiers.ch\/\" target=\"_blank\" rel=\"noopener noreferrer\">Anouck Bally et Isabelle Imobersteg<\/a> : c\u00e9ramistes<\/li>\n<\/ul>\n","protected":false},"excerpt":{"rendered":"<p>Boulens Nicole H\u00e9ritier :&nbsp; boutique d&rsquo;artisanat, de senteurs et de saveurs France-Line Potterat :&nbsp;Peinture sur bois&nbsp; 021 905 41 74 Laurence B\u00fchler : cartes de v\u0153ux, boules, lampes, guirlandes \u00e9lectriques&nbsp; &#8211;&nbsp;021 905 50 12 Thierrens Anouck Bally et Isabelle Imobersteg : c\u00e9ramistes<\/p>\n","protected":false},"author":1,"featured_media":0,"parent":0,"menu_order":0,"comment_status":"closed","ping_status":"closed","template":"","meta":{"footnotes":""},"class_list":["post-574","page","type-page","status-publish","hentry"],"yoast_head":"<!-- This site is optimized with the Yoast SEO plugin v24.8.1 - https:\/\/yoast.com\/wordpress\/plugins\/seo\/ -->\n<title>Nos abeilles artisanes - Association des paysannes vaudoises, groupe St-Cierges et environs<\/title>\n<meta name=\"robots\" content=\"index, follow, max-snippet:-1, max-image-preview:large, max-video-preview:-1\" \/>\n<link rel=\"canonical\" href=\"http:\/\/apvstcierges.ch\/index.php\/nos-membres-artisanes\/\" \/>\n<meta property=\"og:locale\" content=\"fr_FR\" \/>\n<meta property=\"og:type\" content=\"article\" \/>\n<meta property=\"og:title\" content=\"Nos abeilles artisanes - Association des paysannes vaudoises, groupe St-Cierges et environs\" \/>\n<meta property=\"og:description\" content=\"Boulens Nicole H\u00e9ritier :&nbsp; boutique d&rsquo;artisanat, de senteurs et de saveurs France-Line Potterat :&nbsp;Peinture sur bois&nbsp; 021 905 41 74 Laurence B\u00fchler : cartes de v\u0153ux, boules, lampes, guirlandes \u00e9lectriques&nbsp; &#8211;&nbsp;021 905 50 12 Thierrens Anouck Bally et Isabelle Imobersteg : c\u00e9ramistes\" \/>\n<meta property=\"og:url\" content=\"http:\/\/apvstcierges.ch\/index.php\/nos-membres-artisanes\/\" \/>\n<meta property=\"og:site_name\" content=\"Association des paysannes vaudoises, groupe St-Cierges et environs\" \/>\n<meta property=\"article:modified_time\" content=\"2020-10-15T14:23:28+00:00\" \/>\n<meta name=\"twitter:card\" content=\"summary_large_image\" \/>\n<script type=\"application\/ld+json\" class=\"yoast-schema-graph\">{\"@context\":\"https:\/\/schema.org\",\"@graph\":[{\"@type\":\"WebPage\",\"@id\":\"http:\/\/apvstcierges.ch\/index.php\/nos-membres-artisanes\/\",\"url\":\"http:\/\/apvstcierges.ch\/index.php\/nos-membres-artisanes\/\",\"name\":\"Nos abeilles artisanes - Association des paysannes vaudoises, groupe St-Cierges et environs\",\"isPartOf\":{\"@id\":\"http:\/\/apvstcierges.ch\/#website\"},\"datePublished\":\"2018-10-07T10:09:26+00:00\",\"dateModified\":\"2020-10-15T14:23:28+00:00\",\"breadcrumb\":{\"@id\":\"http:\/\/apvstcierges.ch\/index.php\/nos-membres-artisanes\/#breadcrumb\"},\"inLanguage\":\"fr-FR\",\"potentialAction\":[{\"@type\":\"ReadAction\",\"target\":[\"http:\/\/apvstcierges.ch\/index.php\/nos-membres-artisanes\/\"]}]},{\"@type\":\"BreadcrumbList\",\"@id\":\"http:\/\/apvstcierges.ch\/index.php\/nos-membres-artisanes\/#breadcrumb\",\"itemListElement\":[{\"@type\":\"ListItem\",\"position\":1,\"name\":\"Home\",\"item\":\"http:\/\/apvstcierges.ch\/\"},{\"@type\":\"ListItem\",\"position\":2,\"name\":\"Nos abeilles artisanes\"}]},{\"@type\":\"WebSite\",\"@id\":\"http:\/\/apvstcierges.ch\/#website\",\"url\":\"http:\/\/apvstcierges.ch\/\",\"name\":\"Association des paysannes vaudoises, groupe St-Cierges et environs\",\"description\":\"\",\"potentialAction\":[{\"@type\":\"SearchAction\",\"target\":{\"@type\":\"EntryPoint\",\"urlTemplate\":\"http:\/\/apvstcierges.ch\/?s={search_term_string}\"},\"query-input\":{\"@type\":\"PropertyValueSpecification\",\"valueRequired\":true,\"valueName\":\"search_term_string\"}}],\"inLanguage\":\"fr-FR\"}]}<\/script>\n<!-- \/ Yoast SEO plugin. -->","yoast_head_json":{"title":"Nos abeilles artisanes - Association des paysannes vaudoises, groupe St-Cierges et environs","robots":{"index":"index","follow":"follow","max-snippet":"max-snippet:-1","max-image-preview":"max-image-preview:large","max-video-preview":"max-video-preview:-1"},"canonical":"http:\/\/apvstcierges.ch\/index.php\/nos-membres-artisanes\/","og_locale":"fr_FR","og_type":"article","og_title":"Nos abeilles artisanes - Association des paysannes vaudoises, groupe St-Cierges et environs","og_description":"Boulens Nicole H\u00e9ritier :&nbsp; boutique d&rsquo;artisanat, de senteurs et de saveurs France-Line Potterat :&nbsp;Peinture sur bois&nbsp; 021 905 41 74 Laurence B\u00fchler : cartes de v\u0153ux, boules, lampes, guirlandes \u00e9lectriques&nbsp; &#8211;&nbsp;021 905 50 12 Thierrens Anouck Bally et Isabelle Imobersteg : c\u00e9ramistes","og_url":"http:\/\/apvstcierges.ch\/index.php\/nos-membres-artisanes\/","og_site_name":"Association des paysannes vaudoises, groupe St-Cierges et environs","article_modified_time":"2020-10-15T14:23:28+00:00","twitter_card":"summary_large_image","schema":{"@context":"https:\/\/schema.org","@graph":[{"@type":"WebPage","@id":"http:\/\/apvstcierges.ch\/index.php\/nos-membres-artisanes\/","url":"http:\/\/apvstcierges.ch\/index.php\/nos-membres-artisanes\/","name":"Nos abeilles artisanes - Association des paysannes vaudoises, groupe St-Cierges et environs","isPartOf":{"@id":"http:\/\/apvstcierges.ch\/#website"},"datePublished":"2018-10-07T10:09:26+00:00","dateModified":"2020-10-15T14:23:28+00:00","breadcrumb":{"@id":"http:\/\/apvstcierges.ch\/index.php\/nos-membres-artisanes\/#breadcrumb"},"inLanguage":"fr-FR","potentialAction":[{"@type":"ReadAction","target":["http:\/\/apvstcierges.ch\/index.php\/nos-membres-artisanes\/"]}]},{"@type":"BreadcrumbList","@id":"http:\/\/apvstcierges.ch\/index.php\/nos-membres-artisanes\/#breadcrumb","itemListElement":[{"@type":"ListItem","position":1,"name":"Home","item":"http:\/\/apvstcierges.ch\/"},{"@type":"ListItem","position":2,"name":"Nos abeilles artisanes"}]},{"@type":"WebSite","@id":"http:\/\/apvstcierges.ch\/#website","url":"http:\/\/apvstcierges.ch\/","name":"Association des paysannes vaudoises, groupe St-Cierges et environs","description":"","potentialAction":[{"@type":"SearchAction","target":{"@type":"EntryPoint","urlTemplate":"http:\/\/apvstcierges.ch\/?s={search_term_string}"},"query-input":{"@type":"PropertyValueSpecification","valueRequired":true,"valueName":"search_term_string"}}],"inLanguage":"fr-FR"}]}},"_links":{"self":[{"href":"https:\/\/apvstcierges.ch\/index.php\/wp-json\/wp\/v2\/pages\/574","targetHints":{"allow":["GET"]}}],"collection":[{"href":"https:\/\/apvstcierges.ch\/index.php\/wp-json\/wp\/v2\/pages"}],"about":[{"href":"https:\/\/apvstcierges.ch\/index.php\/wp-json\/wp\/v2\/types\/page"}],"author":[{"embeddable":true,"href":"https:\/\/apvstcierges.ch\/index.php\/wp-json\/wp\/v2\/users\/1"}],"replies":[{"embeddable":true,"href":"https:\/\/apvstcierges.ch\/index.php\/wp-json\/wp\/v2\/comments?post=574"}],"version-history":[{"count":6,"href":"https:\/\/apvstcierges.ch\/index.php\/wp-json\/wp\/v2\/pages\/574\/revisions"}],"predecessor-version":[{"id":2219,"href":"https:\/\/apvstcierges.ch\/index.php\/wp-json\/wp\/v2\/pages\/574\/revisions\/2219"}],"wp:attachment":[{"href":"https:\/\/apvstcierges.ch\/index.php\/wp-json\/wp\/v2\/media?parent=574"}],"curies":[{"name":"wp","href":"https:\/\/api.w.org\/{rel}","templated":true}]}}