{"id":60,"date":"2018-04-15T11:14:05","date_gmt":"2018-04-15T11:14:05","guid":{"rendered":"http:\/\/apvstcierges.ch\/?page_id=60"},"modified":"2026-02-26T09:46:35","modified_gmt":"2026-02-26T09:46:35","slug":"cours","status":"publish","type":"page","link":"https:\/\/apvstcierges.ch\/index.php\/cours\/","title":{"rendered":"Cours et visites"},"content":{"rendered":"\n<p><\/p>\n\n\n<p><a href=\"https:\/\/apvstcierges.ch\/wp-content\/uploads\/2025\/09\/Programme-cours-APV-2025-2026-1.pdf\" target=\"_blank\" rel=\"noopener\">Programme 2025-2026<\/a><\/p>\n<p>Fiche d&rsquo;information cours de <a href=\"http:\/\/apvstcierges.ch\/wp-content\/uploads\/2026\/02\/Pentanalogie-Soiree-info.pdf\">pentanalogie<\/a><\/p>\n<p>Toute personne ne pouvant prendre part \u00e0 une activit\u00e9 \u00e0 laquelle elle s&rsquo;\u00e9tait inscrite est pri\u00e9e se faire remplacer, sans quoi le prix du cours lui sera factur\u00e9.<\/p>\n<p>Le comit\u00e9 se r\u00e9serve le droit d&rsquo;annuler un cours si le nombre de participantes est insuffisant.<\/p>\n<p style=\"text-align: center;\"><strong>Rendez-vous \u00e0 l&rsquo;assembl\u00e9e g\u00e9n\u00e9rale le 21 mai, \u00e0 Sottens.<\/strong><\/p>\n<p>N&rsquo;h\u00e9sitez pas \u00e0 consulter aussi les cours propos\u00e9s par Prom\u00e9terre : <a href=\"https:\/\/www.prometerre.ch\/formations?domain=18\" target=\"_blank\" rel=\"noopener noreferrer\">formation continue<\/a><\/p>\n\n\n<p><\/p>\n","protected":false},"excerpt":{"rendered":"<p>Programme 2025-2026 Fiche d&rsquo;information cours de pentanalogie Toute personne ne pouvant prendre part \u00e0 une activit\u00e9 \u00e0 laquelle elle s&rsquo;\u00e9tait inscrite est pri\u00e9e se faire remplacer, sans quoi le prix du cours lui sera factur\u00e9. Le comit\u00e9 se r\u00e9serve le droit d&rsquo;annuler un cours si le nombre de participantes est insuffisant. Rendez-vous \u00e0 l&rsquo;assembl\u00e9e g\u00e9n\u00e9rale <a class=\"more-link\" href=\"https:\/\/apvstcierges.ch\/index.php\/cours\/\">Lire plus &#8230;<\/a><\/p>\n","protected":false},"author":1,"featured_media":0,"parent":0,"menu_order":0,"comment_status":"closed","ping_status":"closed","template":"","meta":{"footnotes":""},"class_list":["post-60","page","type-page","status-publish","hentry"],"yoast_head":"<!-- This site is optimized with the Yoast SEO plugin v24.8.1 - https:\/\/yoast.com\/wordpress\/plugins\/seo\/ -->\n<title>Cours et visites - Association des paysannes vaudoises, groupe St-Cierges et environs<\/title>\n<meta name=\"robots\" content=\"index, follow, max-snippet:-1, max-image-preview:large, max-video-preview:-1\" \/>\n<link rel=\"canonical\" href=\"https:\/\/apvstcierges.ch\/index.php\/cours\/\" \/>\n<meta property=\"og:locale\" content=\"fr_FR\" \/>\n<meta property=\"og:type\" content=\"article\" \/>\n<meta property=\"og:title\" content=\"Cours et visites - Association des paysannes vaudoises, groupe St-Cierges et environs\" \/>\n<meta property=\"og:description\" content=\"Programme 2025-2026 Fiche d&rsquo;information cours de pentanalogie Toute personne ne pouvant prendre part \u00e0 une activit\u00e9 \u00e0 laquelle elle s&rsquo;\u00e9tait inscrite est pri\u00e9e se faire remplacer, sans quoi le prix du cours lui sera factur\u00e9. Le comit\u00e9 se r\u00e9serve le droit d&rsquo;annuler un cours si le nombre de participantes est insuffisant. Rendez-vous \u00e0 l&rsquo;assembl\u00e9e g\u00e9n\u00e9rale Lire plus ...\" \/>\n<meta property=\"og:url\" content=\"https:\/\/apvstcierges.ch\/index.php\/cours\/\" \/>\n<meta property=\"og:site_name\" content=\"Association des paysannes vaudoises, groupe St-Cierges et environs\" \/>\n<meta property=\"article:modified_time\" content=\"2026-02-26T09:46:35+00:00\" \/>\n<meta name=\"twitter:card\" content=\"summary_large_image\" \/>\n<meta name=\"twitter:label1\" content=\"Dur\u00e9e de lecture estim\u00e9e\" \/>\n\t<meta name=\"twitter:data1\" content=\"1 minute\" \/>\n<script type=\"application\/ld+json\" class=\"yoast-schema-graph\">{\"@context\":\"https:\/\/schema.org\",\"@graph\":[{\"@type\":\"WebPage\",\"@id\":\"https:\/\/apvstcierges.ch\/index.php\/cours\/\",\"url\":\"https:\/\/apvstcierges.ch\/index.php\/cours\/\",\"name\":\"Cours et visites - Association des paysannes vaudoises, groupe St-Cierges et environs\",\"isPartOf\":{\"@id\":\"http:\/\/apvstcierges.ch\/#website\"},\"datePublished\":\"2018-04-15T11:14:05+00:00\",\"dateModified\":\"2026-02-26T09:46:35+00:00\",\"breadcrumb\":{\"@id\":\"https:\/\/apvstcierges.ch\/index.php\/cours\/#breadcrumb\"},\"inLanguage\":\"fr-FR\",\"potentialAction\":[{\"@type\":\"ReadAction\",\"target\":[\"https:\/\/apvstcierges.ch\/index.php\/cours\/\"]}]},{\"@type\":\"BreadcrumbList\",\"@id\":\"https:\/\/apvstcierges.ch\/index.php\/cours\/#breadcrumb\",\"itemListElement\":[{\"@type\":\"ListItem\",\"position\":1,\"name\":\"Home\",\"item\":\"http:\/\/apvstcierges.ch\/\"},{\"@type\":\"ListItem\",\"position\":2,\"name\":\"Cours et visites\"}]},{\"@type\":\"WebSite\",\"@id\":\"http:\/\/apvstcierges.ch\/#website\",\"url\":\"http:\/\/apvstcierges.ch\/\",\"name\":\"Association des paysannes vaudoises, groupe St-Cierges et environs\",\"description\":\"\",\"potentialAction\":[{\"@type\":\"SearchAction\",\"target\":{\"@type\":\"EntryPoint\",\"urlTemplate\":\"http:\/\/apvstcierges.ch\/?s={search_term_string}\"},\"query-input\":{\"@type\":\"PropertyValueSpecification\",\"valueRequired\":true,\"valueName\":\"search_term_string\"}}],\"inLanguage\":\"fr-FR\"}]}<\/script>\n<!-- \/ Yoast SEO plugin. -->","yoast_head_json":{"title":"Cours et visites - Association des paysannes vaudoises, groupe St-Cierges et environs","robots":{"index":"index","follow":"follow","max-snippet":"max-snippet:-1","max-image-preview":"max-image-preview:large","max-video-preview":"max-video-preview:-1"},"canonical":"https:\/\/apvstcierges.ch\/index.php\/cours\/","og_locale":"fr_FR","og_type":"article","og_title":"Cours et visites - Association des paysannes vaudoises, groupe St-Cierges et environs","og_description":"Programme 2025-2026 Fiche d&rsquo;information cours de pentanalogie Toute personne ne pouvant prendre part \u00e0 une activit\u00e9 \u00e0 laquelle elle s&rsquo;\u00e9tait inscrite est pri\u00e9e se faire remplacer, sans quoi le prix du cours lui sera factur\u00e9. Le comit\u00e9 se r\u00e9serve le droit d&rsquo;annuler un cours si le nombre de participantes est insuffisant. Rendez-vous \u00e0 l&rsquo;assembl\u00e9e g\u00e9n\u00e9rale Lire plus ...","og_url":"https:\/\/apvstcierges.ch\/index.php\/cours\/","og_site_name":"Association des paysannes vaudoises, groupe St-Cierges et environs","article_modified_time":"2026-02-26T09:46:35+00:00","twitter_card":"summary_large_image","twitter_misc":{"Dur\u00e9e de lecture estim\u00e9e":"1 minute"},"schema":{"@context":"https:\/\/schema.org","@graph":[{"@type":"WebPage","@id":"https:\/\/apvstcierges.ch\/index.php\/cours\/","url":"https:\/\/apvstcierges.ch\/index.php\/cours\/","name":"Cours et visites - Association des paysannes vaudoises, groupe St-Cierges et environs","isPartOf":{"@id":"http:\/\/apvstcierges.ch\/#website"},"datePublished":"2018-04-15T11:14:05+00:00","dateModified":"2026-02-26T09:46:35+00:00","breadcrumb":{"@id":"https:\/\/apvstcierges.ch\/index.php\/cours\/#breadcrumb"},"inLanguage":"fr-FR","potentialAction":[{"@type":"ReadAction","target":["https:\/\/apvstcierges.ch\/index.php\/cours\/"]}]},{"@type":"BreadcrumbList","@id":"https:\/\/apvstcierges.ch\/index.php\/cours\/#breadcrumb","itemListElement":[{"@type":"ListItem","position":1,"name":"Home","item":"http:\/\/apvstcierges.ch\/"},{"@type":"ListItem","position":2,"name":"Cours et visites"}]},{"@type":"WebSite","@id":"http:\/\/apvstcierges.ch\/#website","url":"http:\/\/apvstcierges.ch\/","name":"Association des paysannes vaudoises, groupe St-Cierges et environs","description":"","potentialAction":[{"@type":"SearchAction","target":{"@type":"EntryPoint","urlTemplate":"http:\/\/apvstcierges.ch\/?s={search_term_string}"},"query-input":{"@type":"PropertyValueSpecification","valueRequired":true,"valueName":"search_term_string"}}],"inLanguage":"fr-FR"}]}},"_links":{"self":[{"href":"https:\/\/apvstcierges.ch\/index.php\/wp-json\/wp\/v2\/pages\/60","targetHints":{"allow":["GET"]}}],"collection":[{"href":"https:\/\/apvstcierges.ch\/index.php\/wp-json\/wp\/v2\/pages"}],"about":[{"href":"https:\/\/apvstcierges.ch\/index.php\/wp-json\/wp\/v2\/types\/page"}],"author":[{"embeddable":true,"href":"https:\/\/apvstcierges.ch\/index.php\/wp-json\/wp\/v2\/users\/1"}],"replies":[{"embeddable":true,"href":"https:\/\/apvstcierges.ch\/index.php\/wp-json\/wp\/v2\/comments?post=60"}],"version-history":[{"count":105,"href":"https:\/\/apvstcierges.ch\/index.php\/wp-json\/wp\/v2\/pages\/60\/revisions"}],"predecessor-version":[{"id":4115,"href":"https:\/\/apvstcierges.ch\/index.php\/wp-json\/wp\/v2\/pages\/60\/revisions\/4115"}],"wp:attachment":[{"href":"https:\/\/apvstcierges.ch\/index.php\/wp-json\/wp\/v2\/media?parent=60"}],"curies":[{"name":"wp","href":"https:\/\/api.w.org\/{rel}","templated":true}]}}