{"id":72,"date":"2018-04-16T05:23:10","date_gmt":"2018-04-16T05:23:10","guid":{"rendered":"http:\/\/apvstcierges.ch\/?page_id=72"},"modified":"2025-07-16T08:00:50","modified_gmt":"2025-07-16T08:00:50","slug":"presentation","status":"publish","type":"page","link":"https:\/\/apvstcierges.ch\/index.php\/presentation\/","title":{"rendered":"Pr\u00e9sentation"},"content":{"rendered":"<p style=\"text-align: left;\">C&rsquo;est en 1965 que naquit notre groupe St-Cierges et environs qui regroupe les villages de Peyres-Possens, Sottens, Chapelle, Martherenges, Boulens, St-Cierges, Correvon, Corren\u00e7on, Thierrens, Neyruz, Ogens, Chan\u00e9az, Prahins et Bioley-Magnoux.<\/p>\n<p style=\"text-align: left;\">Lors de notre assembl\u00e9e g\u00e9n\u00e9rale de mai 2025, Th\u00e9r\u00e8se Martin et Genevi\u00e8ve Gottofrey, ont d\u00e9missionn\u00e9 de leur fonction. Une \u00e9lection a eu lieu et le comit\u00e9 se compose maintenant de Nadine Vulliens pr\u00e9sidente, Marjorie Franzini, caissi\u00e8re, Martine Perey-Schmidt, secr\u00e9taire, Barbara Gosteli, Othilie Piot, M\u00e9lanie Pasche et Camille Crisinel Krieg, membres. Zo\u00e9 Martin, hors comit\u00e9, s&rsquo;occupe du site internet.\u00a0<\/p>\n<p style=\"text-align: center;\"><em><br \/><\/em><\/p>\n<figure class=\"wp-block-image\"><img loading=\"lazy\" decoding=\"async\" class=\"wp-image-3895 aligncenter\" src=\"http:\/\/apvstcierges.ch\/wp-content\/uploads\/2025\/07\/comite-apv-scaled.jpg\" alt=\"\" width=\"607\" height=\"455\" srcset=\"https:\/\/apvstcierges.ch\/wp-content\/uploads\/2025\/07\/comite-apv-scaled.jpg 2560w, https:\/\/apvstcierges.ch\/wp-content\/uploads\/2025\/07\/comite-apv-300x225.jpg 300w, https:\/\/apvstcierges.ch\/wp-content\/uploads\/2025\/07\/comite-apv-1024x768.jpg 1024w, https:\/\/apvstcierges.ch\/wp-content\/uploads\/2025\/07\/comite-apv-768x576.jpg 768w, https:\/\/apvstcierges.ch\/wp-content\/uploads\/2025\/07\/comite-apv-1536x1152.jpg 1536w, https:\/\/apvstcierges.ch\/wp-content\/uploads\/2025\/07\/comite-apv-2048x1536.jpg 2048w\" sizes=\"auto, (max-width: 607px) 100vw, 607px\" \/><\/figure>\n<p style=\"text-align: center;\"><em><br \/><\/em><\/p>\n<p style=\"text-align: left;\">Nous comptons une centaine de membres paysannes et non paysannes.\u00a0 Car si, \u00e0 l&rsquo;origine, l&rsquo;association ne comprenait que des agricultrices, elle est, aujourd&rsquo;hui, ouverte \u00e0 toutes les personnes partageant de l&rsquo;int\u00e9r\u00eat pour le monde rural. Notre but est de valoriser une nourriture saine et de proximit\u00e9, faire conna\u00eetre les produits du terroir et de d\u00e9velopper l&rsquo;entraide et la solidarit\u00e9 entre nos membres.<\/p>\n<p style=\"text-align: left;\">Pour cela nous mettons sur pied chaque ann\u00e9e une <a href=\"http:\/\/apvstcierges.ch\/index.php\/cours\/\" target=\"_blank\" rel=\"noopener noreferrer\">palette d&rsquo;activit\u00e9s<\/a> qui se d\u00e9roule entre octobre et juin.\u00a0Dans ces activit\u00e9s vous trouverez des cours de cuisine, jardinage, couture, artisanat, sport et sant\u00e9. Nous pr\u00e9sentons notre programme \u00e0 l&rsquo;assembl\u00e9e d&rsquo;automne.<\/p>\n<p style=\"text-align: left;\">La cotisation annuelle s&rsquo;\u00e9l\u00e8ve \u00e0 fr. 45.- (IBAN CH8800767000R56588461) &#8211; APV Groupe St-Cierges &#8211; 1410 St-Cierges).<\/p>\n\n\n<p><\/p>\n","protected":false},"excerpt":{"rendered":"<p>C&rsquo;est en 1965 que naquit notre groupe St-Cierges et environs qui regroupe les villages de Peyres-Possens, Sottens, Chapelle, Martherenges, Boulens, St-Cierges, Correvon, Corren\u00e7on, Thierrens, Neyruz, Ogens, Chan\u00e9az, Prahins et Bioley-Magnoux. Lors de notre assembl\u00e9e g\u00e9n\u00e9rale de mai 2025, Th\u00e9r\u00e8se Martin et Genevi\u00e8ve Gottofrey, ont d\u00e9missionn\u00e9 de leur fonction. Une \u00e9lection a eu lieu et le <a class=\"more-link\" href=\"https:\/\/apvstcierges.ch\/index.php\/presentation\/\">Lire plus &#8230;<\/a><\/p>\n","protected":false},"author":1,"featured_media":0,"parent":0,"menu_order":0,"comment_status":"closed","ping_status":"closed","template":"","meta":{"footnotes":""},"class_list":["post-72","page","type-page","status-publish","hentry"],"yoast_head":"<!-- This site is optimized with the Yoast SEO plugin v24.8.1 - https:\/\/yoast.com\/wordpress\/plugins\/seo\/ -->\n<title>Pr\u00e9sentation - Association des paysannes vaudoises, groupe St-Cierges et environs<\/title>\n<meta name=\"robots\" content=\"index, follow, max-snippet:-1, max-image-preview:large, max-video-preview:-1\" \/>\n<link rel=\"canonical\" href=\"https:\/\/apvstcierges.ch\/index.php\/presentation\/\" \/>\n<meta property=\"og:locale\" content=\"fr_FR\" \/>\n<meta property=\"og:type\" content=\"article\" \/>\n<meta property=\"og:title\" content=\"Pr\u00e9sentation - Association des paysannes vaudoises, groupe St-Cierges et environs\" \/>\n<meta property=\"og:description\" content=\"C&rsquo;est en 1965 que naquit notre groupe St-Cierges et environs qui regroupe les villages de Peyres-Possens, Sottens, Chapelle, Martherenges, Boulens, St-Cierges, Correvon, Corren\u00e7on, Thierrens, Neyruz, Ogens, Chan\u00e9az, Prahins et Bioley-Magnoux. Lors de notre assembl\u00e9e g\u00e9n\u00e9rale de mai 2025, Th\u00e9r\u00e8se Martin et Genevi\u00e8ve Gottofrey, ont d\u00e9missionn\u00e9 de leur fonction. Une \u00e9lection a eu lieu et le Lire plus ...\" \/>\n<meta property=\"og:url\" content=\"https:\/\/apvstcierges.ch\/index.php\/presentation\/\" \/>\n<meta property=\"og:site_name\" content=\"Association des paysannes vaudoises, groupe St-Cierges et environs\" \/>\n<meta property=\"article:modified_time\" content=\"2025-07-16T08:00:50+00:00\" \/>\n<meta property=\"og:image\" content=\"http:\/\/apvstcierges.ch\/wp-content\/uploads\/2025\/07\/comite-apv-scaled.jpg\" \/>\n<meta name=\"twitter:card\" content=\"summary_large_image\" \/>\n<meta name=\"twitter:label1\" content=\"Dur\u00e9e de lecture estim\u00e9e\" \/>\n\t<meta name=\"twitter:data1\" content=\"2 minutes\" \/>\n<script type=\"application\/ld+json\" class=\"yoast-schema-graph\">{\"@context\":\"https:\/\/schema.org\",\"@graph\":[{\"@type\":\"WebPage\",\"@id\":\"https:\/\/apvstcierges.ch\/index.php\/presentation\/\",\"url\":\"https:\/\/apvstcierges.ch\/index.php\/presentation\/\",\"name\":\"Pr\u00e9sentation - Association des paysannes vaudoises, groupe St-Cierges et environs\",\"isPartOf\":{\"@id\":\"http:\/\/apvstcierges.ch\/#website\"},\"primaryImageOfPage\":{\"@id\":\"https:\/\/apvstcierges.ch\/index.php\/presentation\/#primaryimage\"},\"image\":{\"@id\":\"https:\/\/apvstcierges.ch\/index.php\/presentation\/#primaryimage\"},\"thumbnailUrl\":\"http:\/\/apvstcierges.ch\/wp-content\/uploads\/2025\/07\/comite-apv-scaled.jpg\",\"datePublished\":\"2018-04-16T05:23:10+00:00\",\"dateModified\":\"2025-07-16T08:00:50+00:00\",\"breadcrumb\":{\"@id\":\"https:\/\/apvstcierges.ch\/index.php\/presentation\/#breadcrumb\"},\"inLanguage\":\"fr-FR\",\"potentialAction\":[{\"@type\":\"ReadAction\",\"target\":[\"https:\/\/apvstcierges.ch\/index.php\/presentation\/\"]}]},{\"@type\":\"ImageObject\",\"inLanguage\":\"fr-FR\",\"@id\":\"https:\/\/apvstcierges.ch\/index.php\/presentation\/#primaryimage\",\"url\":\"https:\/\/apvstcierges.ch\/wp-content\/uploads\/2025\/07\/comite-apv-scaled.jpg\",\"contentUrl\":\"https:\/\/apvstcierges.ch\/wp-content\/uploads\/2025\/07\/comite-apv-scaled.jpg\",\"width\":2560,\"height\":1920},{\"@type\":\"BreadcrumbList\",\"@id\":\"https:\/\/apvstcierges.ch\/index.php\/presentation\/#breadcrumb\",\"itemListElement\":[{\"@type\":\"ListItem\",\"position\":1,\"name\":\"Home\",\"item\":\"http:\/\/apvstcierges.ch\/\"},{\"@type\":\"ListItem\",\"position\":2,\"name\":\"Pr\u00e9sentation\"}]},{\"@type\":\"WebSite\",\"@id\":\"http:\/\/apvstcierges.ch\/#website\",\"url\":\"http:\/\/apvstcierges.ch\/\",\"name\":\"Association des paysannes vaudoises, groupe St-Cierges et environs\",\"description\":\"\",\"potentialAction\":[{\"@type\":\"SearchAction\",\"target\":{\"@type\":\"EntryPoint\",\"urlTemplate\":\"http:\/\/apvstcierges.ch\/?s={search_term_string}\"},\"query-input\":{\"@type\":\"PropertyValueSpecification\",\"valueRequired\":true,\"valueName\":\"search_term_string\"}}],\"inLanguage\":\"fr-FR\"}]}<\/script>\n<!-- \/ Yoast SEO plugin. -->","yoast_head_json":{"title":"Pr\u00e9sentation - Association des paysannes vaudoises, groupe St-Cierges et environs","robots":{"index":"index","follow":"follow","max-snippet":"max-snippet:-1","max-image-preview":"max-image-preview:large","max-video-preview":"max-video-preview:-1"},"canonical":"https:\/\/apvstcierges.ch\/index.php\/presentation\/","og_locale":"fr_FR","og_type":"article","og_title":"Pr\u00e9sentation - Association des paysannes vaudoises, groupe St-Cierges et environs","og_description":"C&rsquo;est en 1965 que naquit notre groupe St-Cierges et environs qui regroupe les villages de Peyres-Possens, Sottens, Chapelle, Martherenges, Boulens, St-Cierges, Correvon, Corren\u00e7on, Thierrens, Neyruz, Ogens, Chan\u00e9az, Prahins et Bioley-Magnoux. Lors de notre assembl\u00e9e g\u00e9n\u00e9rale de mai 2025, Th\u00e9r\u00e8se Martin et Genevi\u00e8ve Gottofrey, ont d\u00e9missionn\u00e9 de leur fonction. Une \u00e9lection a eu lieu et le Lire plus ...","og_url":"https:\/\/apvstcierges.ch\/index.php\/presentation\/","og_site_name":"Association des paysannes vaudoises, groupe St-Cierges et environs","article_modified_time":"2025-07-16T08:00:50+00:00","og_image":[{"url":"http:\/\/apvstcierges.ch\/wp-content\/uploads\/2025\/07\/comite-apv-scaled.jpg","type":"","width":"","height":""}],"twitter_card":"summary_large_image","twitter_misc":{"Dur\u00e9e de lecture estim\u00e9e":"2 minutes"},"schema":{"@context":"https:\/\/schema.org","@graph":[{"@type":"WebPage","@id":"https:\/\/apvstcierges.ch\/index.php\/presentation\/","url":"https:\/\/apvstcierges.ch\/index.php\/presentation\/","name":"Pr\u00e9sentation - Association des paysannes vaudoises, groupe St-Cierges et environs","isPartOf":{"@id":"http:\/\/apvstcierges.ch\/#website"},"primaryImageOfPage":{"@id":"https:\/\/apvstcierges.ch\/index.php\/presentation\/#primaryimage"},"image":{"@id":"https:\/\/apvstcierges.ch\/index.php\/presentation\/#primaryimage"},"thumbnailUrl":"http:\/\/apvstcierges.ch\/wp-content\/uploads\/2025\/07\/comite-apv-scaled.jpg","datePublished":"2018-04-16T05:23:10+00:00","dateModified":"2025-07-16T08:00:50+00:00","breadcrumb":{"@id":"https:\/\/apvstcierges.ch\/index.php\/presentation\/#breadcrumb"},"inLanguage":"fr-FR","potentialAction":[{"@type":"ReadAction","target":["https:\/\/apvstcierges.ch\/index.php\/presentation\/"]}]},{"@type":"ImageObject","inLanguage":"fr-FR","@id":"https:\/\/apvstcierges.ch\/index.php\/presentation\/#primaryimage","url":"https:\/\/apvstcierges.ch\/wp-content\/uploads\/2025\/07\/comite-apv-scaled.jpg","contentUrl":"https:\/\/apvstcierges.ch\/wp-content\/uploads\/2025\/07\/comite-apv-scaled.jpg","width":2560,"height":1920},{"@type":"BreadcrumbList","@id":"https:\/\/apvstcierges.ch\/index.php\/presentation\/#breadcrumb","itemListElement":[{"@type":"ListItem","position":1,"name":"Home","item":"http:\/\/apvstcierges.ch\/"},{"@type":"ListItem","position":2,"name":"Pr\u00e9sentation"}]},{"@type":"WebSite","@id":"http:\/\/apvstcierges.ch\/#website","url":"http:\/\/apvstcierges.ch\/","name":"Association des paysannes vaudoises, groupe St-Cierges et environs","description":"","potentialAction":[{"@type":"SearchAction","target":{"@type":"EntryPoint","urlTemplate":"http:\/\/apvstcierges.ch\/?s={search_term_string}"},"query-input":{"@type":"PropertyValueSpecification","valueRequired":true,"valueName":"search_term_string"}}],"inLanguage":"fr-FR"}]}},"_links":{"self":[{"href":"https:\/\/apvstcierges.ch\/index.php\/wp-json\/wp\/v2\/pages\/72","targetHints":{"allow":["GET"]}}],"collection":[{"href":"https:\/\/apvstcierges.ch\/index.php\/wp-json\/wp\/v2\/pages"}],"about":[{"href":"https:\/\/apvstcierges.ch\/index.php\/wp-json\/wp\/v2\/types\/page"}],"author":[{"embeddable":true,"href":"https:\/\/apvstcierges.ch\/index.php\/wp-json\/wp\/v2\/users\/1"}],"replies":[{"embeddable":true,"href":"https:\/\/apvstcierges.ch\/index.php\/wp-json\/wp\/v2\/comments?post=72"}],"version-history":[{"count":25,"href":"https:\/\/apvstcierges.ch\/index.php\/wp-json\/wp\/v2\/pages\/72\/revisions"}],"predecessor-version":[{"id":3897,"href":"https:\/\/apvstcierges.ch\/index.php\/wp-json\/wp\/v2\/pages\/72\/revisions\/3897"}],"wp:attachment":[{"href":"https:\/\/apvstcierges.ch\/index.php\/wp-json\/wp\/v2\/media?parent=72"}],"curies":[{"name":"wp","href":"https:\/\/api.w.org\/{rel}","templated":true}]}}