{"id":81,"date":"2018-04-19T11:17:30","date_gmt":"2018-04-19T11:17:30","guid":{"rendered":"http:\/\/apvstcierges.ch\/?page_id=81"},"modified":"2025-01-28T08:12:28","modified_gmt":"2025-01-28T08:12:28","slug":"popotte","status":"publish","type":"page","link":"https:\/\/apvstcierges.ch\/index.php\/popotte\/","title":{"rendered":"Popotte"},"content":{"rendered":"<div class=\"RichTextContent CollapsiblePageHeader--text\">\n<div class=\"CollapsibleText\">\n<p><span style=\"color: #99cc00; font-size: 1.56em; font-weight: 600;\">Le chou de Bruxelles<\/span><\/p>\n<p>Le chou de Bruxelles est une vari\u00e9t\u00e9 de chou, cultiv\u00e9e pour ses bourgeons axillaires qui forment de petites t\u00eates pomm\u00e9es, consomm\u00e9es comme l\u00e9gume. Le terme d\u00e9signe aussi ce l\u00e9gume.<\/p>\n<p>Ce chou est une plante bisannuelle qui \u00e9met une tige florale d\u2019un m\u00e8tre de haut environ la deuxi\u00e8me ann\u00e9e. Les feuilles \u00e0 long p\u00e9tiole sont enti\u00e8res, de forme arrondie et l\u00e9g\u00e8rement dentel\u00e9es, les fleurs apparaissent \u00eatre de couleur bleue fluo.<\/p>\n<p>Les bourgeons \u00e0 l\u2019aisselle des fleurs forment de petites pommes, compos\u00e9es de nombreuses feuilles d\u00e9sassembl\u00e9es.<\/p>\n<p>Ils sont r\u00e9colt\u00e9s en automne ou en hiver (selon le climat), par intervalles, en commen\u00e7ant par le bas, o\u00f9 ils sont plus avanc\u00e9s.<\/p>\n<p>La popularit\u00e9 du chou de Bruxelles a connu un creux en France pendant les derni\u00e8res d\u00e9cennies du XXe si\u00e8cle : c\u2019est un des l\u00e9gumes les plus d\u00e9test\u00e9s, notamment par les enfants, du fait de son utilisation importante en cantine cuit entier et \u00e0 l\u2019eau (alors que pour perdre son amertume il doit \u00eatre coup\u00e9 en deux et saut\u00e9). La consommation semble remonter au d\u00e9but des ann\u00e9es 2000.<\/p>\n<p>Les choux de Bruxelles se consomment cuits \u00e0 l\u2019eau, saut\u00e9s \u00e0 la po\u00eale, r\u00f4tis au four, en gratin, comme l\u00e9gumes d\u2019accompagnement ou r\u00e2p\u00e9s en salade. C\u2019est un l\u00e9gume vert d\u2019hiver.<\/p>\n<p>Son amertume est dissip\u00e9e si le chou est consomm\u00e9 coup\u00e9 en deux et saut\u00e9. R\u00e2p\u00e9 cru, il est riche en vitamine C.<\/p>\n<p>\u00a0<\/p>\n<p><span style=\"color: #99cc00; font-size: 1.56em; font-weight: 600;\">Recettes<\/span><\/p>\n<p><a href=\"http:\/\/apvstcierges.ch\/wp-content\/uploads\/2025\/01\/Fondue-allegee.pdf\" target=\"_blank\" rel=\"noopener\">Fondue all\u00e9g\u00e9e<br \/><\/a><a href=\"http:\/\/apvstcierges.ch\/wp-content\/uploads\/2025\/01\/Poelee-de-betterave-choux-de-Bruxelle-et-orange-sanguine.pdf\" target=\"_blank\" rel=\"noopener\">Po\u00eal\u00e9e de betterave, choux de Bruxelle et orange sanguine<br \/><\/a><a href=\"http:\/\/apvstcierges.ch\/wp-content\/uploads\/2025\/01\/Poelee-de-choux-de-Bruxelles-aux-noisettes.pdf\" target=\"_blank\" rel=\"noopener\">Po\u00eal\u00e9e de choux de Bruxelles aux noisettes<br \/><\/a><a href=\"http:\/\/apvstcierges.ch\/wp-content\/uploads\/2025\/01\/Salade-de-choux-de-Bruxelles.pdf\" target=\"_blank\" rel=\"noopener\">Salade de choux de Bruxelles<br \/><\/a><a href=\"http:\/\/apvstcierges.ch\/wp-content\/uploads\/2025\/01\/Tagliatelles-choux-de-bruxelles-citron-vert.pdf\" target=\"_blank\" rel=\"noopener\">Tagliatelles choux de bruxelles &#8211; citron vert<br \/><\/a><a href=\"http:\/\/apvstcierges.ch\/wp-content\/uploads\/2025\/01\/Risotto-a-la-courge-et-au-chou-de-bruxelles.pdf\" target=\"_blank\" rel=\"noopener\">Risotto \u00e0 la courge et au chou de bruxelles<\/a><\/p>\n<\/div>\n<\/div>\n<p><!--more--><\/p>\n<p><!--more--><\/p>\n<p><!--more--><\/p>\n\n\n<p><\/p>\n","protected":false},"excerpt":{"rendered":"<p>Le chou de Bruxelles Le chou de Bruxelles est une vari\u00e9t\u00e9 de chou, cultiv\u00e9e pour ses bourgeons axillaires qui forment de petites t\u00eates pomm\u00e9es, consomm\u00e9es comme l\u00e9gume. Le terme d\u00e9signe aussi ce l\u00e9gume. Ce chou est une plante bisannuelle qui \u00e9met une tige florale d\u2019un m\u00e8tre de haut environ la deuxi\u00e8me ann\u00e9e. Les feuilles \u00e0 <a class=\"more-link\" href=\"https:\/\/apvstcierges.ch\/index.php\/popotte\/\">Lire plus &#8230;<\/a><\/p>\n","protected":false},"author":1,"featured_media":0,"parent":0,"menu_order":0,"comment_status":"closed","ping_status":"closed","template":"","meta":{"footnotes":""},"class_list":["post-81","page","type-page","status-publish","hentry"],"yoast_head":"<!-- This site is optimized with the Yoast SEO plugin v24.8.1 - https:\/\/yoast.com\/wordpress\/plugins\/seo\/ -->\n<title>Popotte - Association des paysannes vaudoises, groupe St-Cierges et environs<\/title>\n<meta name=\"robots\" content=\"index, follow, max-snippet:-1, max-image-preview:large, max-video-preview:-1\" \/>\n<link rel=\"canonical\" href=\"http:\/\/apvstcierges.ch\/index.php\/popotte\/\" \/>\n<meta property=\"og:locale\" content=\"fr_FR\" \/>\n<meta property=\"og:type\" content=\"article\" \/>\n<meta property=\"og:title\" content=\"Popotte - Association des paysannes vaudoises, groupe St-Cierges et environs\" \/>\n<meta property=\"og:description\" content=\"Le chou de Bruxelles Le chou de Bruxelles est une vari\u00e9t\u00e9 de chou, cultiv\u00e9e pour ses bourgeons axillaires qui forment de petites t\u00eates pomm\u00e9es, consomm\u00e9es comme l\u00e9gume. Le terme d\u00e9signe aussi ce l\u00e9gume. Ce chou est une plante bisannuelle qui \u00e9met une tige florale d\u2019un m\u00e8tre de haut environ la deuxi\u00e8me ann\u00e9e. Les feuilles \u00e0 Lire plus ...\" \/>\n<meta property=\"og:url\" content=\"http:\/\/apvstcierges.ch\/index.php\/popotte\/\" \/>\n<meta property=\"og:site_name\" content=\"Association des paysannes vaudoises, groupe St-Cierges et environs\" \/>\n<meta property=\"article:modified_time\" content=\"2025-01-28T08:12:28+00:00\" \/>\n<meta name=\"twitter:card\" content=\"summary_large_image\" \/>\n<meta name=\"twitter:label1\" content=\"Dur\u00e9e de lecture estim\u00e9e\" \/>\n\t<meta name=\"twitter:data1\" content=\"2 minutes\" \/>\n<script type=\"application\/ld+json\" class=\"yoast-schema-graph\">{\"@context\":\"https:\/\/schema.org\",\"@graph\":[{\"@type\":\"WebPage\",\"@id\":\"http:\/\/apvstcierges.ch\/index.php\/popotte\/\",\"url\":\"http:\/\/apvstcierges.ch\/index.php\/popotte\/\",\"name\":\"Popotte - Association des paysannes vaudoises, groupe St-Cierges et environs\",\"isPartOf\":{\"@id\":\"http:\/\/apvstcierges.ch\/#website\"},\"datePublished\":\"2018-04-19T11:17:30+00:00\",\"dateModified\":\"2025-01-28T08:12:28+00:00\",\"breadcrumb\":{\"@id\":\"http:\/\/apvstcierges.ch\/index.php\/popotte\/#breadcrumb\"},\"inLanguage\":\"fr-FR\",\"potentialAction\":[{\"@type\":\"ReadAction\",\"target\":[\"http:\/\/apvstcierges.ch\/index.php\/popotte\/\"]}]},{\"@type\":\"BreadcrumbList\",\"@id\":\"http:\/\/apvstcierges.ch\/index.php\/popotte\/#breadcrumb\",\"itemListElement\":[{\"@type\":\"ListItem\",\"position\":1,\"name\":\"Home\",\"item\":\"http:\/\/apvstcierges.ch\/\"},{\"@type\":\"ListItem\",\"position\":2,\"name\":\"Popotte\"}]},{\"@type\":\"WebSite\",\"@id\":\"http:\/\/apvstcierges.ch\/#website\",\"url\":\"http:\/\/apvstcierges.ch\/\",\"name\":\"Association des paysannes vaudoises, groupe St-Cierges et environs\",\"description\":\"\",\"potentialAction\":[{\"@type\":\"SearchAction\",\"target\":{\"@type\":\"EntryPoint\",\"urlTemplate\":\"http:\/\/apvstcierges.ch\/?s={search_term_string}\"},\"query-input\":{\"@type\":\"PropertyValueSpecification\",\"valueRequired\":true,\"valueName\":\"search_term_string\"}}],\"inLanguage\":\"fr-FR\"}]}<\/script>\n<!-- \/ Yoast SEO plugin. -->","yoast_head_json":{"title":"Popotte - Association des paysannes vaudoises, groupe St-Cierges et environs","robots":{"index":"index","follow":"follow","max-snippet":"max-snippet:-1","max-image-preview":"max-image-preview:large","max-video-preview":"max-video-preview:-1"},"canonical":"http:\/\/apvstcierges.ch\/index.php\/popotte\/","og_locale":"fr_FR","og_type":"article","og_title":"Popotte - Association des paysannes vaudoises, groupe St-Cierges et environs","og_description":"Le chou de Bruxelles Le chou de Bruxelles est une vari\u00e9t\u00e9 de chou, cultiv\u00e9e pour ses bourgeons axillaires qui forment de petites t\u00eates pomm\u00e9es, consomm\u00e9es comme l\u00e9gume. Le terme d\u00e9signe aussi ce l\u00e9gume. Ce chou est une plante bisannuelle qui \u00e9met une tige florale d\u2019un m\u00e8tre de haut environ la deuxi\u00e8me ann\u00e9e. Les feuilles \u00e0 Lire plus ...","og_url":"http:\/\/apvstcierges.ch\/index.php\/popotte\/","og_site_name":"Association des paysannes vaudoises, groupe St-Cierges et environs","article_modified_time":"2025-01-28T08:12:28+00:00","twitter_card":"summary_large_image","twitter_misc":{"Dur\u00e9e de lecture estim\u00e9e":"2 minutes"},"schema":{"@context":"https:\/\/schema.org","@graph":[{"@type":"WebPage","@id":"http:\/\/apvstcierges.ch\/index.php\/popotte\/","url":"http:\/\/apvstcierges.ch\/index.php\/popotte\/","name":"Popotte - Association des paysannes vaudoises, groupe St-Cierges et environs","isPartOf":{"@id":"http:\/\/apvstcierges.ch\/#website"},"datePublished":"2018-04-19T11:17:30+00:00","dateModified":"2025-01-28T08:12:28+00:00","breadcrumb":{"@id":"http:\/\/apvstcierges.ch\/index.php\/popotte\/#breadcrumb"},"inLanguage":"fr-FR","potentialAction":[{"@type":"ReadAction","target":["http:\/\/apvstcierges.ch\/index.php\/popotte\/"]}]},{"@type":"BreadcrumbList","@id":"http:\/\/apvstcierges.ch\/index.php\/popotte\/#breadcrumb","itemListElement":[{"@type":"ListItem","position":1,"name":"Home","item":"http:\/\/apvstcierges.ch\/"},{"@type":"ListItem","position":2,"name":"Popotte"}]},{"@type":"WebSite","@id":"http:\/\/apvstcierges.ch\/#website","url":"http:\/\/apvstcierges.ch\/","name":"Association des paysannes vaudoises, groupe St-Cierges et environs","description":"","potentialAction":[{"@type":"SearchAction","target":{"@type":"EntryPoint","urlTemplate":"http:\/\/apvstcierges.ch\/?s={search_term_string}"},"query-input":{"@type":"PropertyValueSpecification","valueRequired":true,"valueName":"search_term_string"}}],"inLanguage":"fr-FR"}]}},"_links":{"self":[{"href":"https:\/\/apvstcierges.ch\/index.php\/wp-json\/wp\/v2\/pages\/81","targetHints":{"allow":["GET"]}}],"collection":[{"href":"https:\/\/apvstcierges.ch\/index.php\/wp-json\/wp\/v2\/pages"}],"about":[{"href":"https:\/\/apvstcierges.ch\/index.php\/wp-json\/wp\/v2\/types\/page"}],"author":[{"embeddable":true,"href":"https:\/\/apvstcierges.ch\/index.php\/wp-json\/wp\/v2\/users\/1"}],"replies":[{"embeddable":true,"href":"https:\/\/apvstcierges.ch\/index.php\/wp-json\/wp\/v2\/comments?post=81"}],"version-history":[{"count":199,"href":"https:\/\/apvstcierges.ch\/index.php\/wp-json\/wp\/v2\/pages\/81\/revisions"}],"predecessor-version":[{"id":3649,"href":"https:\/\/apvstcierges.ch\/index.php\/wp-json\/wp\/v2\/pages\/81\/revisions\/3649"}],"wp:attachment":[{"href":"https:\/\/apvstcierges.ch\/index.php\/wp-json\/wp\/v2\/media?parent=81"}],"curies":[{"name":"wp","href":"https:\/\/api.w.org\/{rel}","templated":true}]}}