{"id":85,"date":"2018-04-19T11:18:16","date_gmt":"2018-04-19T11:18:16","guid":{"rendered":"http:\/\/apvstcierges.ch\/?page_id=85"},"modified":"2023-01-17T13:32:42","modified_gmt":"2023-01-17T13:32:42","slug":"trucs-et-astuces","status":"publish","type":"page","link":"https:\/\/apvstcierges.ch\/index.php\/trucs-et-astuces\/","title":{"rendered":"Trucs et astuces"},"content":{"rendered":"<p>On attend vos trucs et astuces pour nous simplifier la vie !\u00a0Utilisez notre page <a href=\"http:\/\/apvstcierges.ch\/index.php\/contact\/\" target=\"_blank\" rel=\"noopener noreferrer\">contact<\/a><\/p>\n<p><span style=\"color: #ff0000;\">Id\u00e9es cadeaux fait maison<\/span><br \/>\n<a href=\"http:\/\/apvstcierges.ch\/wp-content\/uploads\/2022\/11\/Sel-au-lard.pdf\">Sel au lard<\/a><br \/>\n<a href=\"http:\/\/apvstcierges.ch\/wp-content\/uploads\/2022\/11\/Bouillon-de-legumes-en-poudre.pdf\">Bouillon de l\u00e9gumes en poudre<\/a><br \/>\n<a href=\"http:\/\/apvstcierges.ch\/wp-content\/uploads\/2022\/11\/Melange-pour-pain.pdf\">M\u00e9lange pour pain<\/a><br \/>\n<a href=\"http:\/\/apvstcierges.ch\/wp-content\/uploads\/2022\/11\/Melange-de-noix-piquant.pdf\">M\u00e9lange de noix piquant<\/a><br \/>\n<a href=\"http:\/\/apvstcierges.ch\/wp-content\/uploads\/2022\/11\/Limoncello.pdf\">Limoncello<\/a><br \/>\n<a href=\"http:\/\/apvstcierges.ch\/wp-content\/uploads\/2022\/11\/Confiture-de-Noel.pdf\">Confiture de No\u00ebl<\/a><br \/>\n<a href=\"http:\/\/apvstcierges.ch\/wp-content\/uploads\/2022\/11\/Boules-de-Mozart.pdf\">Boules de Mozart<\/a><br \/>\n<a href=\"http:\/\/apvstcierges.ch\/wp-content\/uploads\/2022\/11\/Pate-a-tartiner-au-chocolat-et-aux-noisettes.pdf\">P\u00e2te \u00e0 tartiner au chocolat et aux noisettes<\/a><\/p>\n<p><span style=\"color: #ff0000;\">S.O.S. restes smoothies<\/span><br \/>\nIl vous reste un demi-concombre? Votre barquette de s\u00e9r\u00e9 est bient\u00f4t p\u00e9rim\u00e9e? Les smoothies sont un moyen id\u00e9al d\u2019utiliser les restes! Il n\u2019existe pratiquement rien que vous ne puissiez transformer en drink sain et savoureux.<\/p>\n<p><span style=\"color: #ff0000;\">Effeuiller le thym facilement<br \/>\n<\/span>Vous connaissez le probl\u00e8me : il vous faut du thym, mais arracher les feuilles du brin une \u00e0 une, ce n&rsquo;est pas \u00e9vident! Faites passer le brin par une maille d&rsquo;une passoire et tirez dessus dans le sens contraire de la pousse. Les feuilles tomberont toutes seules dans la passoire.<\/p>\n<p><span style=\"color: #ff0000;\">Le saviez-vous?<br \/>\n<\/span>Le jaune d\u2019oeuf contient plus de prot\u00e9ines que le blanc et apporte huit fois plus d\u2019\u00e9nergie. Le mythe du \u00abmauvais\u00bb cholest\u00e9rol de l\u2019oeuf a la vie dure. Certes, les oeufs en contiennent beaucoup, mais cela n\u2019a aucun impact sur le taux de cholest\u00e9rol.<br \/>\nLa coquille est constitu\u00e9e de nombreux petits pores, \u00e0 travers lesquels les odeurs \u00e9trang\u00e8res peuvent p\u00e9n\u00e9trer. Ainsi, les oeufs qui se conservent \u00e0 c\u00f4t\u00e9 des truffes ont une saveur de truffe fine.<br \/>\nFaut-il piquer ou non l \u2019oeuf avant la cuisson? R\u00e9ponse: peu importe.<br \/>\nL\u2019eau ne bout exactement \u00e0 100\u00b0 C qu\u2019au niveau de la mer. En montagne, le point d\u2019\u00e9bullition est plus bas. Pour cuire un oeuf pour son d\u00e9jeuner \u00e0 Saint-Moritz (1882 m d\u2019altitude), mieux vaut donc pr\u00e9voir quelques secondes de cuisson suppl\u00e9mentaires. L\u2019exercice se corse aux sommets de plus de 7000 m\u00e8tres: sur l\u2019Everest, seul le jaune d\u2019oeuf se figerait, le blanc resterait liquide.<\/p>\n<p><span style=\"color: #ff0000;\">Hourra, des cookies chauds!<img loading=\"lazy\" decoding=\"async\" class=\"size-medium wp-image-2046 alignright\" src=\"http:\/\/apvstcierges.ch\/wp-content\/uploads\/2020\/05\/cookies-300x200.jpg\" alt=\"\" width=\"300\" height=\"200\" srcset=\"https:\/\/apvstcierges.ch\/wp-content\/uploads\/2020\/05\/cookies-300x200.jpg 300w, https:\/\/apvstcierges.ch\/wp-content\/uploads\/2020\/05\/cookies-768x511.jpg 768w, https:\/\/apvstcierges.ch\/wp-content\/uploads\/2020\/05\/cookies.jpg 784w\" sizes=\"auto, (max-width: 300px) 100vw, 300px\" \/><br \/>\n<\/span>Fa\u00e7onne des boules de p\u00e2te avec une cuill\u00e8re \u00e0 glace,\u00a0 glisse les dans un sachet de cong\u00e9lation et garde les au cong\u00e9lateur. Et lorsqu&rsquo;une folle envie de cookies nous prend ou des visites \u00e0 l&rsquo;improviste d\u00e9pose les boules sur une plaque chemis\u00e9e et glisse les au four sans les d\u00e9congeler. Compte simplement env. 5 minutes de plus pour la cuisson. Et voil\u00e0 comment (se) faire plaisir tr\u00e8s simplement! \u00bb<\/p>\n<p><span style=\"color: #ff0000;\">S\u00e9r\u00e9 et yogourt contre coups de soleil<\/span><br \/>\nS\u00e9r\u00e9 et yogourt ne permettent pas seulement de pr\u00e9parer de d\u00e9licieux desserts. Ils peuvent aussi apaiser les coups de soleil. L\u2019acide lactique qu\u2019ils contiennent calme et stabilise la peau. M\u00e9langez le s\u00e9r\u00e9 ou le yogourt avec un peu de babeurre et appliquez ce m\u00e9lange directement sur la peau. Ou mieux encore: prot\u00e9gez votre peau pour \u00e9viter les coups de soleil.<\/p>\n<p><span style=\"color: #ff0000;\">Du jus sans presse citron<img loading=\"lazy\" decoding=\"async\" class=\"alignright\" src=\"https:\/\/www.bettybossi.ch\/BinaryContent\/AngebotBilder\/QRKPCWu4DSQZf7cFl6H2ew==2019060508544884.tipps_190611_01_XL.jpg\" alt=\"Syst\u00e8me D: Du jus sans presse-citron\" width=\"218\" height=\"145\" \/><br \/>\n<\/span>Pas de presse citron sous la main mais besoin urgent de jus de citron? Une simple pince \u00e0 gril vous permet d&rsquo;extraire jusqu&rsquo;\u00e0 la derni\u00e8re goutte le jus et c&rsquo;est beaucoup moins fatigant qu&rsquo;\u00e0 la main&#8230;<\/p>\n<p><span style=\"color: #ff0000;\">Adieu l\u2019odeur de raclette<\/span><br \/>\nM\u00eame si vous \u00eates friands de raclette et de fondue, vous n\u2019avez peut-\u00eatre pas envie de sentir une odeur de fromage flotter le lendemain dans la maison. La solution? Faites griller une poign\u00e9e de grains de caf\u00e9 dans une po\u00eale et laissez-les toute la nuit \u00e9tal\u00e9s sur une assiette. Ils se chargeront de neutraliser les mauvaises odeurs.<\/p>\n<h5><span style=\"color: #ff0000;\">Pavot amer<\/span><\/h5>\n<p>D\u00e9j\u00e0 mang\u00e9 des g\u00e2teaux au pavot au go\u00fbt amer? Explication: les graines de pavot ont une conservation limit\u00e9e, elles rancissent vite et deviennent am\u00e8res. Nous avons constat\u00e9 que ce ph\u00e9nom\u00e8ne ne se produit plus lorsqu\u2019on les garde au cong\u00e9lateur. Nous vous conseillons donc de conserver vos graines de pavot au cong\u00e9lo et de les piler dans un mortier juste avant de les utiliser.<\/p>\n<h5><span style=\"color: #ff0000;\">Ras le bol des ciseaux qui ne coupent plus ?<\/span><\/h5>\n<p>Voici la solution : pliez en quatre un morceau de feuille d&rsquo;alu, coupez-le plusieurs fois avec vos ciseaux \u00e9mouss\u00e9s, les lames en ressortiront bien aiguis\u00e9es.<\/p>\n<h4><span style=\"color: #ff0000;\">La lessive maison<\/span><\/h4>\n<div>Cette recette a \u00e9t\u00e9 donn\u00e9e lors du cours z\u00e9ro d\u00e9chets. Vous la trouverez, ainsi que beaucoup d&rsquo;autres sur leur site\u00a0http:\/\/www.zerodechets.ch\/fr\/doit\/. Si le sujet vous int\u00e9resse, vous trouverez \u00e9galement d&rsquo;autres informations sur\u00a0https:\/\/zerowasteswitzerland.ch\/<\/div>\n<div><\/div>\n<div><strong>Lessive liquide<\/strong><\/div>\n<div>35 g savon de Marseille en copeaux<\/div>\n<div>35 g savon noir liquide<\/div>\n<div>\n<div>1 litre d&rsquo;eau bouillante<\/div>\n<div>1 litre d&rsquo;eau ti\u00e8de<\/div>\n<\/div>\n<div>2 cuill\u00e8res \u00e0 soupe de bicarbonate de soude ( ou 2 c.s. de cristaux de soude pour le linge blanc)<\/div>\n<div><\/div>\n<div>\n<ol>\n<li>Faire bouillir\u00a01 litre d\u2019eau.<\/li>\n<li>R\u00e2per le savon (attention, la poussi\u00e8re du savon peut irriter), ajouter l\u2019eau et m\u00e9langer\u00a0jusqu&rsquo;\u00e0 dilution du savon, puis allonger avec 1 litre d\u2019eau du robinet et ajouter les cristaux de soude, m\u00e9langer et laisser refroidir quelques heures. Mettre en bidon (le bidon devrait contenir plus de 2 litres). Si souhait\u00e9, parfumer avec une dizaine de gouttes d\u2019huile essentielle.<\/li>\n<li>Si la lessive s\u2019\u00e9paissit trop, elle peut \u00eatre allong\u00e9e avec un peu d\u2019eau d\u00e8s le lendemain.<\/li>\n<li>Bien secouer le bidon avant chaque utilisation.\u00a0Utiliser cette lessive \u00e9colo en dosant comme une autre lessive.<\/li>\n<\/ol>\n<\/div>\n<p><span style=\"color: #ff0000;\">L&rsquo;attrape c\u00e2pres<\/span><br \/>\nIl suffit de prendre une cuill\u00e8re parisienne pour rep\u00eacher les c\u00e2pres dans leur bocal. Le petit trou dans la cuill\u00e8re permet au liquide de s&rsquo;\u00e9goutter<\/p>\n<p><img loading=\"lazy\" decoding=\"async\" class=\" wp-image-1156 alignnone\" src=\"http:\/\/apvstcierges.ch\/wp-content\/uploads\/2019\/02\/RxnBW8rznIcE16hHpUCoWg2019020513130804.tipps_190205_02_XL-300x200.jpg\" alt=\"\" width=\"300\" height=\"200\" srcset=\"https:\/\/apvstcierges.ch\/wp-content\/uploads\/2019\/02\/RxnBW8rznIcE16hHpUCoWg2019020513130804.tipps_190205_02_XL-300x200.jpg 300w, https:\/\/apvstcierges.ch\/wp-content\/uploads\/2019\/02\/RxnBW8rznIcE16hHpUCoWg2019020513130804.tipps_190205_02_XL-768x511.jpg 768w, https:\/\/apvstcierges.ch\/wp-content\/uploads\/2019\/02\/RxnBW8rznIcE16hHpUCoWg2019020513130804.tipps_190205_02_XL.jpg 784w\" sizes=\"auto, (max-width: 300px) 100vw, 300px\" \/><\/p>\n<p><span style=\"color: #ff0000;\">R\u00e9parer un accroc dans un t-shirt<\/span><\/p>\n<p>Pour r\u00e9parer un accroc dans un t-shirt, repassez le v\u00eatement, puis, avec vos ongles, rapprochez les bords pour minimiser au maximum la taille du trou. Sur l&rsquo;envers, placez sur le trou un bout d&rsquo;adh\u00e9sif thermocollant\u00a0et fixez-le avec le fer \u00e0 repasser pour faire dispara\u00eetre l&rsquo;accroc du v\u00eatement.<\/p>\n<p><img loading=\"lazy\" decoding=\"async\" class=\"wp-image-1157 alignleft\" src=\"http:\/\/apvstcierges.ch\/wp-content\/uploads\/2019\/02\/retouches-de-vetements-276x300.jpg\" alt=\"\" width=\"196\" height=\"213\" srcset=\"https:\/\/apvstcierges.ch\/wp-content\/uploads\/2019\/02\/retouches-de-vetements-276x300.jpg 276w, https:\/\/apvstcierges.ch\/wp-content\/uploads\/2019\/02\/retouches-de-vetements.jpg 600w\" sizes=\"auto, (max-width: 196px) 100vw, 196px\" \/><\/p>\n","protected":false},"excerpt":{"rendered":"<p>On attend vos trucs et astuces pour nous simplifier la vie !\u00a0Utilisez notre page contact Id\u00e9es cadeaux fait maison Sel au lard Bouillon de l\u00e9gumes en poudre M\u00e9lange pour pain M\u00e9lange de noix piquant Limoncello Confiture de No\u00ebl Boules de Mozart P\u00e2te \u00e0 tartiner au chocolat et aux noisettes S.O.S. restes smoothies Il vous reste <a class=\"more-link\" href=\"https:\/\/apvstcierges.ch\/index.php\/trucs-et-astuces\/\">Lire plus &#8230;<\/a><\/p>\n","protected":false},"author":1,"featured_media":0,"parent":0,"menu_order":0,"comment_status":"closed","ping_status":"closed","template":"","meta":{"footnotes":""},"class_list":["post-85","page","type-page","status-publish","hentry"],"yoast_head":"<!-- This site is optimized with the Yoast SEO plugin v24.8.1 - https:\/\/yoast.com\/wordpress\/plugins\/seo\/ -->\n<title>Trucs et astuces - Association des paysannes vaudoises, groupe St-Cierges et environs<\/title>\n<meta name=\"robots\" content=\"index, follow, max-snippet:-1, max-image-preview:large, max-video-preview:-1\" \/>\n<link rel=\"canonical\" href=\"http:\/\/apvstcierges.ch\/index.php\/trucs-et-astuces\/\" \/>\n<meta property=\"og:locale\" content=\"fr_FR\" \/>\n<meta property=\"og:type\" content=\"article\" \/>\n<meta property=\"og:title\" content=\"Trucs et astuces - Association des paysannes vaudoises, groupe St-Cierges et environs\" \/>\n<meta property=\"og:description\" content=\"On attend vos trucs et astuces pour nous simplifier la vie !\u00a0Utilisez notre page contact Id\u00e9es cadeaux fait maison Sel au lard Bouillon de l\u00e9gumes en poudre M\u00e9lange pour pain M\u00e9lange de noix piquant Limoncello Confiture de No\u00ebl Boules de Mozart P\u00e2te \u00e0 tartiner au chocolat et aux noisettes S.O.S. restes smoothies Il vous reste Lire plus ...\" \/>\n<meta property=\"og:url\" content=\"http:\/\/apvstcierges.ch\/index.php\/trucs-et-astuces\/\" \/>\n<meta property=\"og:site_name\" content=\"Association des paysannes vaudoises, groupe St-Cierges et environs\" \/>\n<meta property=\"article:modified_time\" content=\"2023-01-17T13:32:42+00:00\" \/>\n<meta property=\"og:image\" content=\"http:\/\/apvstcierges.ch\/wp-content\/uploads\/2020\/05\/cookies-300x200.jpg\" \/>\n<meta name=\"twitter:card\" content=\"summary_large_image\" \/>\n<meta name=\"twitter:label1\" content=\"Dur\u00e9e de lecture estim\u00e9e\" \/>\n\t<meta name=\"twitter:data1\" content=\"5 minutes\" \/>\n<script type=\"application\/ld+json\" class=\"yoast-schema-graph\">{\"@context\":\"https:\/\/schema.org\",\"@graph\":[{\"@type\":\"WebPage\",\"@id\":\"http:\/\/apvstcierges.ch\/index.php\/trucs-et-astuces\/\",\"url\":\"http:\/\/apvstcierges.ch\/index.php\/trucs-et-astuces\/\",\"name\":\"Trucs et astuces - Association des paysannes vaudoises, groupe St-Cierges et environs\",\"isPartOf\":{\"@id\":\"http:\/\/apvstcierges.ch\/#website\"},\"primaryImageOfPage\":{\"@id\":\"http:\/\/apvstcierges.ch\/index.php\/trucs-et-astuces\/#primaryimage\"},\"image\":{\"@id\":\"http:\/\/apvstcierges.ch\/index.php\/trucs-et-astuces\/#primaryimage\"},\"thumbnailUrl\":\"http:\/\/apvstcierges.ch\/wp-content\/uploads\/2020\/05\/cookies-300x200.jpg\",\"datePublished\":\"2018-04-19T11:18:16+00:00\",\"dateModified\":\"2023-01-17T13:32:42+00:00\",\"breadcrumb\":{\"@id\":\"http:\/\/apvstcierges.ch\/index.php\/trucs-et-astuces\/#breadcrumb\"},\"inLanguage\":\"fr-FR\",\"potentialAction\":[{\"@type\":\"ReadAction\",\"target\":[\"http:\/\/apvstcierges.ch\/index.php\/trucs-et-astuces\/\"]}]},{\"@type\":\"ImageObject\",\"inLanguage\":\"fr-FR\",\"@id\":\"http:\/\/apvstcierges.ch\/index.php\/trucs-et-astuces\/#primaryimage\",\"url\":\"https:\/\/apvstcierges.ch\/wp-content\/uploads\/2020\/05\/cookies.jpg\",\"contentUrl\":\"https:\/\/apvstcierges.ch\/wp-content\/uploads\/2020\/05\/cookies.jpg\",\"width\":784,\"height\":522},{\"@type\":\"BreadcrumbList\",\"@id\":\"http:\/\/apvstcierges.ch\/index.php\/trucs-et-astuces\/#breadcrumb\",\"itemListElement\":[{\"@type\":\"ListItem\",\"position\":1,\"name\":\"Home\",\"item\":\"http:\/\/apvstcierges.ch\/\"},{\"@type\":\"ListItem\",\"position\":2,\"name\":\"Trucs et astuces\"}]},{\"@type\":\"WebSite\",\"@id\":\"http:\/\/apvstcierges.ch\/#website\",\"url\":\"http:\/\/apvstcierges.ch\/\",\"name\":\"Association des paysannes vaudoises, groupe St-Cierges et environs\",\"description\":\"\",\"potentialAction\":[{\"@type\":\"SearchAction\",\"target\":{\"@type\":\"EntryPoint\",\"urlTemplate\":\"http:\/\/apvstcierges.ch\/?s={search_term_string}\"},\"query-input\":{\"@type\":\"PropertyValueSpecification\",\"valueRequired\":true,\"valueName\":\"search_term_string\"}}],\"inLanguage\":\"fr-FR\"}]}<\/script>\n<!-- \/ Yoast SEO plugin. -->","yoast_head_json":{"title":"Trucs et astuces - Association des paysannes vaudoises, groupe St-Cierges et environs","robots":{"index":"index","follow":"follow","max-snippet":"max-snippet:-1","max-image-preview":"max-image-preview:large","max-video-preview":"max-video-preview:-1"},"canonical":"http:\/\/apvstcierges.ch\/index.php\/trucs-et-astuces\/","og_locale":"fr_FR","og_type":"article","og_title":"Trucs et astuces - Association des paysannes vaudoises, groupe St-Cierges et environs","og_description":"On attend vos trucs et astuces pour nous simplifier la vie !\u00a0Utilisez notre page contact Id\u00e9es cadeaux fait maison Sel au lard Bouillon de l\u00e9gumes en poudre M\u00e9lange pour pain M\u00e9lange de noix piquant Limoncello Confiture de No\u00ebl Boules de Mozart P\u00e2te \u00e0 tartiner au chocolat et aux noisettes S.O.S. restes smoothies Il vous reste Lire plus ...","og_url":"http:\/\/apvstcierges.ch\/index.php\/trucs-et-astuces\/","og_site_name":"Association des paysannes vaudoises, groupe St-Cierges et environs","article_modified_time":"2023-01-17T13:32:42+00:00","og_image":[{"url":"http:\/\/apvstcierges.ch\/wp-content\/uploads\/2020\/05\/cookies-300x200.jpg","type":"","width":"","height":""}],"twitter_card":"summary_large_image","twitter_misc":{"Dur\u00e9e de lecture estim\u00e9e":"5 minutes"},"schema":{"@context":"https:\/\/schema.org","@graph":[{"@type":"WebPage","@id":"http:\/\/apvstcierges.ch\/index.php\/trucs-et-astuces\/","url":"http:\/\/apvstcierges.ch\/index.php\/trucs-et-astuces\/","name":"Trucs et astuces - Association des paysannes vaudoises, groupe St-Cierges et environs","isPartOf":{"@id":"http:\/\/apvstcierges.ch\/#website"},"primaryImageOfPage":{"@id":"http:\/\/apvstcierges.ch\/index.php\/trucs-et-astuces\/#primaryimage"},"image":{"@id":"http:\/\/apvstcierges.ch\/index.php\/trucs-et-astuces\/#primaryimage"},"thumbnailUrl":"http:\/\/apvstcierges.ch\/wp-content\/uploads\/2020\/05\/cookies-300x200.jpg","datePublished":"2018-04-19T11:18:16+00:00","dateModified":"2023-01-17T13:32:42+00:00","breadcrumb":{"@id":"http:\/\/apvstcierges.ch\/index.php\/trucs-et-astuces\/#breadcrumb"},"inLanguage":"fr-FR","potentialAction":[{"@type":"ReadAction","target":["http:\/\/apvstcierges.ch\/index.php\/trucs-et-astuces\/"]}]},{"@type":"ImageObject","inLanguage":"fr-FR","@id":"http:\/\/apvstcierges.ch\/index.php\/trucs-et-astuces\/#primaryimage","url":"https:\/\/apvstcierges.ch\/wp-content\/uploads\/2020\/05\/cookies.jpg","contentUrl":"https:\/\/apvstcierges.ch\/wp-content\/uploads\/2020\/05\/cookies.jpg","width":784,"height":522},{"@type":"BreadcrumbList","@id":"http:\/\/apvstcierges.ch\/index.php\/trucs-et-astuces\/#breadcrumb","itemListElement":[{"@type":"ListItem","position":1,"name":"Home","item":"http:\/\/apvstcierges.ch\/"},{"@type":"ListItem","position":2,"name":"Trucs et astuces"}]},{"@type":"WebSite","@id":"http:\/\/apvstcierges.ch\/#website","url":"http:\/\/apvstcierges.ch\/","name":"Association des paysannes vaudoises, groupe St-Cierges et environs","description":"","potentialAction":[{"@type":"SearchAction","target":{"@type":"EntryPoint","urlTemplate":"http:\/\/apvstcierges.ch\/?s={search_term_string}"},"query-input":{"@type":"PropertyValueSpecification","valueRequired":true,"valueName":"search_term_string"}}],"inLanguage":"fr-FR"}]}},"_links":{"self":[{"href":"https:\/\/apvstcierges.ch\/index.php\/wp-json\/wp\/v2\/pages\/85","targetHints":{"allow":["GET"]}}],"collection":[{"href":"https:\/\/apvstcierges.ch\/index.php\/wp-json\/wp\/v2\/pages"}],"about":[{"href":"https:\/\/apvstcierges.ch\/index.php\/wp-json\/wp\/v2\/types\/page"}],"author":[{"embeddable":true,"href":"https:\/\/apvstcierges.ch\/index.php\/wp-json\/wp\/v2\/users\/1"}],"replies":[{"embeddable":true,"href":"https:\/\/apvstcierges.ch\/index.php\/wp-json\/wp\/v2\/comments?post=85"}],"version-history":[{"count":15,"href":"https:\/\/apvstcierges.ch\/index.php\/wp-json\/wp\/v2\/pages\/85\/revisions"}],"predecessor-version":[{"id":3024,"href":"https:\/\/apvstcierges.ch\/index.php\/wp-json\/wp\/v2\/pages\/85\/revisions\/3024"}],"wp:attachment":[{"href":"https:\/\/apvstcierges.ch\/index.php\/wp-json\/wp\/v2\/media?parent=85"}],"curies":[{"name":"wp","href":"https:\/\/api.w.org\/{rel}","templated":true}]}}